{"id":12980,"date":"2020-08-11T15:14:43","date_gmt":"2020-08-11T08:14:43","guid":{"rendered":"http:\/\/beta.mmi.vn\/?page_id=12980"},"modified":"2022-07-29T06:38:57","modified_gmt":"2022-07-28T23:38:57","slug":"gioi-thieu","status":"publish","type":"page","link":"https:\/\/mmi.vn\/en\/gioi-thieu\/","title":{"rendered":"About"},"content":{"rendered":"<div class=\"vc_row wpb_row vc_row-fluid\"><div class=\"wpb_column vc_column_container vc_col-sm-12\"><div class=\"vc_column-inner\"><div class=\"wpb_wrapper\"><div class=\"ltx-slider-vert\"><div class=\"ltx-item\"><a href=\"#\" class=\"inner\" style=\"background-image: url(https:\/\/mmi.vn\/wp-content\/uploads\/2020\/08\/mm-menh-moc.jpg);\"><div class=\"info\"><div class=\"info-inner\"><h3>SERVICE<\/h3><h4>SERVICE<\/h4><p>We consult, design, manufacture, install and warrant interior furniture for high-end residence, office, hotel and resort.<\/p><div class=\"hidden-div\"><\/div><\/div><\/div><\/a><\/div><div class=\"ltx-item\"><a href=\"#\" class=\"inner\" style=\"background-image: url(https:\/\/mmi.vn\/wp-content\/uploads\/2020\/08\/mm-menh-tho.jpg);\"><div class=\"info\"><div class=\"info-inner\"><h3>VISION<\/h3><h4>VISION<\/h4><p>Attending to every millimeter of space, every detail of each product so they could reach true luxury and closest perfection. We build beautiful spaces, we are the Space Builder.<br \/>\n <br \/>\n<\/p><div class=\"hidden-div\"><\/div><\/div><\/div><\/a><\/div><div class=\"ltx-item\"><a href=\"#\" class=\"inner\" style=\"background-image: url(https:\/\/mmi.vn\/wp-content\/uploads\/2020\/08\/mm-menh-kim.jpg);\"><div class=\"info\"><div class=\"info-inner\"><h3>MISSION<\/h3><h4>MISSION<\/h4><p>Our mission is to provide our customers with luxurious spaces, warm comfort, and first-class interior products. Honor your own identity. Enjoy life  <br \/>\n<br \/>\n<\/p><div class=\"hidden-div\"><\/div><\/div><\/div><\/a><\/div><div class=\"ltx-item\"><a href=\"#\" class=\"inner\" style=\"background-image: url(https:\/\/mmi.vn\/wp-content\/uploads\/2020\/08\/mm-menh-thuy.jpg);\"><div class=\"info\"><div class=\"info-inner\"><h3>PHILOSOPHY<\/h3><h4>PHILOSOPHY<\/h4><p>Innovative, unique and effective design<br \/>\nManufacturing quality up to global standard<br \/>\nOur customer satisfaction is our motivation and success<br \/>\n<\/p><div class=\"hidden-div\"><\/div><\/div><\/div><\/a><\/div><div class=\"ltx-item\"><a href=\"#\" class=\"inner\" style=\"background-image: url(https:\/\/mmi.vn\/wp-content\/uploads\/2020\/08\/mm-menh-hoa.jpg);\"><div class=\"info\"><div class=\"info-inner\"><h3>VALUE<\/h3><h4>VALUE<\/h4><p>~ 200 professional people<br \/>\n~ 7000m2 production infrastructure<br \/>\n~ World-class advanced technology <br \/>\n~ 27 n\u0103m kinh nghi\u1ec7m th\u1eeba h\u01b0\u1edfng t\u1eeb 3dgroup<br \/>\n~ People-oriented culture<br \/>\n~ Trusted partner<br \/>\n<\/p><div class=\"hidden-div\"><\/div><\/div><\/div><\/a><\/div><\/div><\/div><\/div><\/div><\/div>","protected":false},"excerpt":{"rendered":"D\u1ecaCH V\u1ee4D\u1ecaCH V\u1ee4Ch\u00fang t\u00f4i t\u01b0 v\u1ea5n, thi\u1ebft k\u1ebf, s\u1ea3n xu\u1ea5t, l\u1eafp \u0111\u1eb7t v\u00e0 b\u1ea3o h\u00e0nh n\u1ed9i th\u1ea5t nh\u00e0 \u1edf, v\u0103n ph\u00f2ng, kh\u00e1ch s\u1ea1n v\u00e0 ngh\u1ec9 d\u01b0\u1ee1ng cao c\u1ea5pT\u1ea6M NH\u00ccNT\u1ea6M NH\u00ccNCh\u0103m ch\u00fat cho t\u1eebng milimet kh\u00f4ng gian, t\u1eebng chi ti\u1ebft c\u1ee7a m\u1ed7i s\u1ea3n ph\u1ea9m \u0111\u1ec3 ch\u00fang th\u1ef1c s\u1ef1 cao c\u1ea5p v\u00e0 \u0111\u1ebfn g\u1ea7n nh\u1ea5t v\u1edbi s\u1ef1 ho\u00e0n h\u1ea3o. Ch\u00fang t\u00f4i \u0111i x\u00e2y \u0111\u1eb9p nh\u1eefng kh\u00f4ng gian, ch\u00fang t\u00f4i l\u00e0 The Space Builder S\u1ee8 M\u1ec6NHS\u1ee8 M\u1ec6NHS\u1ee9 m\u1ec7nh c\u1ee7a ch\u00fang t\u00f4i l\u00e0 t\u1ea1o d\u1ef1ng cho kh\u00e1ch h\u00e0ng nh\u1eefng kh\u00f4ng gian n\u1ed9i th\u1ea5t sang tr\u1ecdng, ti\u1ec7n nghi \u1ea5m \u00e1p c\u00f9ng nh\u1eefng s\u1ea3n ph\u1ea9m n\u1ed9i [...]","protected":false},"author":1,"featured_media":12283,"parent":0,"menu_order":0,"comment_status":"closed","ping_status":"closed","template":"","meta":{"cybocfi_hide_featured_image":""},"yoast_head":"<!-- This site is optimized with the Yoast SEO plugin v18.5.1 - https:\/\/yoast.com\/wordpress\/plugins\/seo\/ -->\n<title>Gi\u1edbi thi\u1ec7u - MMI VIETNAM<\/title>\n<meta name=\"robots\" content=\"index, follow, max-snippet:-1, max-image-preview:large, max-video-preview:-1\" \/>\n<link rel=\"canonical\" href=\"https:\/\/mmi.vn\/en\/gioi-thieu\/\" \/>\n<meta property=\"og:locale\" content=\"en_GB\" \/>\n<meta property=\"og:type\" content=\"article\" \/>\n<meta property=\"og:title\" content=\"Gi\u1edbi thi\u1ec7u - MMI VIETNAM\" \/>\n<meta property=\"og:url\" content=\"https:\/\/mmi.vn\/en\/gioi-thieu\/\" \/>\n<meta property=\"og:site_name\" content=\"MMI VIETNAM\" \/>\n<meta property=\"article:publisher\" content=\"https:\/\/www.facebook.com\/TheSpacesBuilder\" \/>\n<meta property=\"article:modified_time\" content=\"2022-07-28T23:38:57+00:00\" \/>\n<meta property=\"og:image\" content=\"https:\/\/mmi.vn\/wp-content\/uploads\/2018\/02\/black_01.jpg\" \/>\n\t<meta property=\"og:image:width\" content=\"1920\" \/>\n\t<meta property=\"og:image:height\" content=\"1407\" \/>\n\t<meta property=\"og:image:type\" content=\"image\/jpeg\" \/>\n<meta name=\"twitter:card\" content=\"summary_large_image\" \/>\n<meta name=\"twitter:label1\" content=\"Estimated reading time\" \/>\n\t<meta name=\"twitter:data1\" content=\"4 minutes\" \/>\n<script type=\"application\/ld+json\" class=\"yoast-schema-graph\">{\"@context\":\"https:\/\/schema.org\",\"@graph\":[{\"@type\":\"Organization\",\"@id\":\"https:\/\/mmi.vn\/#organization\",\"name\":\"MMI VIETNAM\",\"url\":\"https:\/\/mmi.vn\/\",\"sameAs\":[\"https:\/\/www.facebook.com\/TheSpacesBuilder\"],\"logo\":{\"@type\":\"ImageObject\",\"@id\":\"https:\/\/mmi.vn\/#logo\",\"inLanguage\":\"en-GB\",\"url\":\"https:\/\/mmi.vn\/wp-content\/uploads\/2020\/08\/Logo-mm-2020-black-2x.png\",\"contentUrl\":\"https:\/\/mmi.vn\/wp-content\/uploads\/2020\/08\/Logo-mm-2020-black-2x.png\",\"width\":342,\"height\":90,\"caption\":\"MMI VIETNAM\"},\"image\":{\"@id\":\"https:\/\/mmi.vn\/#logo\"}},{\"@type\":\"WebSite\",\"@id\":\"https:\/\/mmi.vn\/#website\",\"url\":\"https:\/\/mmi.vn\/\",\"name\":\"MMI VIETNAM\",\"description\":\"the space builder\",\"publisher\":{\"@id\":\"https:\/\/mmi.vn\/#organization\"},\"potentialAction\":[{\"@type\":\"SearchAction\",\"target\":{\"@type\":\"EntryPoint\",\"urlTemplate\":\"https:\/\/mmi.vn\/?s={search_term_string}\"},\"query-input\":\"required name=search_term_string\"}],\"inLanguage\":\"en-GB\"},{\"@type\":\"ImageObject\",\"@id\":\"https:\/\/mmi.vn\/gioi-thieu\/#primaryimage\",\"inLanguage\":\"en-GB\",\"url\":\"https:\/\/mmi.vn\/wp-content\/uploads\/2018\/02\/black_01.jpg\",\"contentUrl\":\"https:\/\/mmi.vn\/wp-content\/uploads\/2018\/02\/black_01.jpg\",\"width\":1920,\"height\":1407},{\"@type\":\"WebPage\",\"@id\":\"https:\/\/mmi.vn\/gioi-thieu\/#webpage\",\"url\":\"https:\/\/mmi.vn\/gioi-thieu\/\",\"name\":\"Gi\u1edbi thi\u1ec7u - MMI VIETNAM\",\"isPartOf\":{\"@id\":\"https:\/\/mmi.vn\/#website\"},\"primaryImageOfPage\":{\"@id\":\"https:\/\/mmi.vn\/gioi-thieu\/#primaryimage\"},\"datePublished\":\"2020-08-11T08:14:43+00:00\",\"dateModified\":\"2022-07-28T23:38:57+00:00\",\"breadcrumb\":{\"@id\":\"https:\/\/mmi.vn\/gioi-thieu\/#breadcrumb\"},\"inLanguage\":\"en-GB\",\"potentialAction\":[{\"@type\":\"ReadAction\",\"target\":[\"https:\/\/mmi.vn\/gioi-thieu\/\"]}]},{\"@type\":\"BreadcrumbList\",\"@id\":\"https:\/\/mmi.vn\/gioi-thieu\/#breadcrumb\",\"itemListElement\":[{\"@type\":\"ListItem\",\"position\":1,\"name\":\"Trang ch\u1ee7\",\"item\":\"https:\/\/mmi.vn\/\"},{\"@type\":\"ListItem\",\"position\":2,\"name\":\"Gi\u1edbi thi\u1ec7u\"}]}]}<\/script>\n<!-- \/ Yoast SEO plugin. -->","yoast_head_json":{"title":"Gi\u1edbi thi\u1ec7u - MMI VIETNAM","robots":{"index":"index","follow":"follow","max-snippet":"max-snippet:-1","max-image-preview":"max-image-preview:large","max-video-preview":"max-video-preview:-1"},"canonical":"https:\/\/mmi.vn\/en\/gioi-thieu\/","og_locale":"en_GB","og_type":"article","og_title":"Gi\u1edbi thi\u1ec7u - MMI VIETNAM","og_url":"https:\/\/mmi.vn\/en\/gioi-thieu\/","og_site_name":"MMI VIETNAM","article_publisher":"https:\/\/www.facebook.com\/TheSpacesBuilder","article_modified_time":"2022-07-28T23:38:57+00:00","og_image":[{"width":1920,"height":1407,"url":"https:\/\/mmi.vn\/wp-content\/uploads\/2018\/02\/black_01.jpg","type":"image\/jpeg"}],"twitter_card":"summary_large_image","twitter_misc":{"Estimated reading time":"4 minutes"},"schema":{"@context":"https:\/\/schema.org","@graph":[{"@type":"Organization","@id":"https:\/\/mmi.vn\/#organization","name":"MMI VIETNAM","url":"https:\/\/mmi.vn\/","sameAs":["https:\/\/www.facebook.com\/TheSpacesBuilder"],"logo":{"@type":"ImageObject","@id":"https:\/\/mmi.vn\/#logo","inLanguage":"en-GB","url":"https:\/\/mmi.vn\/wp-content\/uploads\/2020\/08\/Logo-mm-2020-black-2x.png","contentUrl":"https:\/\/mmi.vn\/wp-content\/uploads\/2020\/08\/Logo-mm-2020-black-2x.png","width":342,"height":90,"caption":"MMI VIETNAM"},"image":{"@id":"https:\/\/mmi.vn\/#logo"}},{"@type":"WebSite","@id":"https:\/\/mmi.vn\/#website","url":"https:\/\/mmi.vn\/","name":"MMI VIETNAM","description":"the space builder","publisher":{"@id":"https:\/\/mmi.vn\/#organization"},"potentialAction":[{"@type":"SearchAction","target":{"@type":"EntryPoint","urlTemplate":"https:\/\/mmi.vn\/?s={search_term_string}"},"query-input":"required name=search_term_string"}],"inLanguage":"en-GB"},{"@type":"ImageObject","@id":"https:\/\/mmi.vn\/gioi-thieu\/#primaryimage","inLanguage":"en-GB","url":"https:\/\/mmi.vn\/wp-content\/uploads\/2018\/02\/black_01.jpg","contentUrl":"https:\/\/mmi.vn\/wp-content\/uploads\/2018\/02\/black_01.jpg","width":1920,"height":1407},{"@type":"WebPage","@id":"https:\/\/mmi.vn\/gioi-thieu\/#webpage","url":"https:\/\/mmi.vn\/gioi-thieu\/","name":"Gi\u1edbi thi\u1ec7u - MMI VIETNAM","isPartOf":{"@id":"https:\/\/mmi.vn\/#website"},"primaryImageOfPage":{"@id":"https:\/\/mmi.vn\/gioi-thieu\/#primaryimage"},"datePublished":"2020-08-11T08:14:43+00:00","dateModified":"2022-07-28T23:38:57+00:00","breadcrumb":{"@id":"https:\/\/mmi.vn\/gioi-thieu\/#breadcrumb"},"inLanguage":"en-GB","potentialAction":[{"@type":"ReadAction","target":["https:\/\/mmi.vn\/gioi-thieu\/"]}]},{"@type":"BreadcrumbList","@id":"https:\/\/mmi.vn\/gioi-thieu\/#breadcrumb","itemListElement":[{"@type":"ListItem","position":1,"name":"Trang ch\u1ee7","item":"https:\/\/mmi.vn\/"},{"@type":"ListItem","position":2,"name":"Gi\u1edbi thi\u1ec7u"}]}]}},"_links":{"self":[{"href":"https:\/\/mmi.vn\/en\/wp-json\/wp\/v2\/pages\/12980"}],"collection":[{"href":"https:\/\/mmi.vn\/en\/wp-json\/wp\/v2\/pages"}],"about":[{"href":"https:\/\/mmi.vn\/en\/wp-json\/wp\/v2\/types\/page"}],"author":[{"embeddable":true,"href":"https:\/\/mmi.vn\/en\/wp-json\/wp\/v2\/users\/1"}],"replies":[{"embeddable":true,"href":"https:\/\/mmi.vn\/en\/wp-json\/wp\/v2\/comments?post=12980"}],"version-history":[{"count":70,"href":"https:\/\/mmi.vn\/en\/wp-json\/wp\/v2\/pages\/12980\/revisions"}],"predecessor-version":[{"id":15520,"href":"https:\/\/mmi.vn\/en\/wp-json\/wp\/v2\/pages\/12980\/revisions\/15520"}],"wp:featuredmedia":[{"embeddable":true,"href":"https:\/\/mmi.vn\/en\/wp-json\/wp\/v2\/media\/12283"}],"wp:attachment":[{"href":"https:\/\/mmi.vn\/en\/wp-json\/wp\/v2\/media?parent=12980"}],"curies":[{"name":"wp","href":"https:\/\/api.w.org\/{rel}","templated":true}]}}