{"id":13934,"date":"2020-08-20T15:33:24","date_gmt":"2020-08-20T08:33:24","guid":{"rendered":"http:\/\/beta.mmi.vn\/?page_id=13934"},"modified":"2020-09-07T14:22:02","modified_gmt":"2020-09-07T07:22:02","slug":"y-tuong-san-pham","status":"publish","type":"page","link":"https:\/\/mmi.vn\/en\/thiet-ke\/y-tuong-san-pham\/","title":{"rendered":"\u00dd t\u01b0\u1edfng S\u1ea3n ph\u1ea9m"},"content":{"rendered":"<div class=\"vc_row wpb_row vc_row-fluid\"><div class=\"wpb_column vc_column_container vc_col-sm-12\"><div class=\"vc_column-inner\"><div class=\"wpb_wrapper\">\n<div class=\"vc_grid-container-wrapper vc_clearfix vc_grid-animation-none\">\n\t<div class=\"vc_grid-container vc_clearfix wpb_content_element vc_basic_grid\" data-initial-loading-animation=\"none\" data-vc-grid-settings=\"{&quot;page_id&quot;:13934,&quot;style&quot;:&quot;all&quot;,&quot;action&quot;:&quot;vc_get_vc_grid_data&quot;,&quot;shortcode_id&quot;:&quot;1598525496520-730a7c8d-2398-4&quot;,&quot;tag&quot;:&quot;vc_basic_grid&quot;}\" data-vc-request=\"https:\/\/mmi.vn\/wp-admin\/admin-ajax.php\" data-vc-post-id=\"13934\" data-vc-public-nonce=\"ec4fd6f08c\">\n\t\t<div class=\"vc_grid vc_row vc_grid-gutter-20px vc_pageable-wrapper vc_hook_hover\" data-vc-pageable-content=\"true\"><div class=\"vc_pageable-slide-wrapper vc_clearfix\" data-vc-grid-content=\"true\"><div class=\"vc_grid-item vc_clearfix vc_col-sm-3 vc_grid-item-zone-c-bottom\"><div class=\"vc_grid-item-mini vc_clearfix\"><div class=\"vc_gitem-animated-block\" ><div class=\"vc_gitem-zone vc_gitem-zone-a vc-gitem-zone-height-mode-auto vc-gitem-zone-height-mode-auto-1-1\"><div class=\"vc_gitem-zone-mini\"><div class=\"vc_gitem_row vc_row vc_gitem-row-position-top\"><div class=\"vc_col-sm-12 vc_gitem-col vc_gitem-col-align-\">\n\t<div class=\"wpb_single_image wpb_content_element vc_align_center\">\n\t\t<figure class=\"wpb_wrapper vc_figure\">\n\t\t\t<a href=\"https:\/\/mmi.vn\/en\/gallery\/ban-cafe\/\" class=\"vc_gitem-link vc_single_image-wrapper vc_box_border_grey\" title=\"Coffee table\"><img width=\"1024\" height=\"681\" src=\"https:\/\/mmi.vn\/wp-content\/uploads\/2020\/08\/coffee-table-mm-13-rs-1024x681.jpg\" class=\"vc_single_image-img attachment-large\" alt=\"\" loading=\"lazy\" title=\"coffee-table-mm-13-rs\" srcset=\"https:\/\/mmi.vn\/wp-content\/uploads\/2020\/08\/coffee-table-mm-13-rs-1024x681.jpg 1024w, https:\/\/mmi.vn\/wp-content\/uploads\/2020\/08\/coffee-table-mm-13-rs-600x399.jpg 600w, https:\/\/mmi.vn\/wp-content\/uploads\/2020\/08\/coffee-table-mm-13-rs-300x200.jpg 300w, https:\/\/mmi.vn\/wp-content\/uploads\/2020\/08\/coffee-table-mm-13-rs-768x511.jpg 768w, https:\/\/mmi.vn\/wp-content\/uploads\/2020\/08\/coffee-table-mm-13-rs-1536x1021.jpg 1536w, https:\/\/mmi.vn\/wp-content\/uploads\/2020\/08\/coffee-table-mm-13-rs-128x84.jpg 128w, https:\/\/mmi.vn\/wp-content\/uploads\/2020\/08\/coffee-table-mm-13-rs-495x330.jpg 495w, https:\/\/mmi.vn\/wp-content\/uploads\/2020\/08\/coffee-table-mm-13-rs-800x532.jpg 800w, https:\/\/mmi.vn\/wp-content\/uploads\/2020\/08\/coffee-table-mm-13-rs-550x366.jpg 550w, https:\/\/mmi.vn\/wp-content\/uploads\/2020\/08\/coffee-table-mm-13-rs.jpg 1600w\" sizes=\"(max-width: 1024px) 100vw, 1024px\" \/><\/a>\n\t\t<\/figure>\n\t<\/div>\n<div class=\"vc_empty_space\"   style=\"height: 10px\"><span class=\"vc_empty_space_inner\"><\/span><\/div><div class=\"vc_custom_heading vc_gitem-post-data vc_gitem-post-data-source-post_title\" ><h6 style=\"text-align: center\" ><a href=\"https:\/\/mmi.vn\/en\/gallery\/ban-cafe\/\" class=\"vc_gitem-link\" title=\"Coffee table\">Coffee table<\/a><\/h6><\/div><\/div><\/div><\/div><\/div><\/div><div class=\"vc_gitem-zone vc_gitem-zone-c\"><div class=\"vc_gitem-zone-mini\"><\/div><\/div><\/div><div class=\"vc_clearfix\"><\/div><\/div><div class=\"vc_grid-item vc_clearfix vc_col-sm-3 vc_grid-item-zone-c-bottom\"><div class=\"vc_grid-item-mini vc_clearfix\"><div class=\"vc_gitem-animated-block\" ><div class=\"vc_gitem-zone vc_gitem-zone-a vc-gitem-zone-height-mode-auto vc-gitem-zone-height-mode-auto-1-1\"><div class=\"vc_gitem-zone-mini\"><div class=\"vc_gitem_row vc_row vc_gitem-row-position-top\"><div class=\"vc_col-sm-12 vc_gitem-col vc_gitem-col-align-\">\n\t<div class=\"wpb_single_image wpb_content_element vc_align_center\">\n\t\t<figure class=\"wpb_wrapper vc_figure\">\n\t\t\t<a href=\"https:\/\/mmi.vn\/en\/gallery\/ban-console\/\" class=\"vc_gitem-link vc_single_image-wrapper vc_box_border_grey\" title=\"Console table\"><img width=\"1024\" height=\"682\" src=\"https:\/\/mmi.vn\/wp-content\/uploads\/2020\/08\/Ban-console-table-001-1024x682.jpg\" class=\"vc_single_image-img attachment-large\" alt=\"\" loading=\"lazy\" title=\"Ban-console-table-001\" srcset=\"https:\/\/mmi.vn\/wp-content\/uploads\/2020\/08\/Ban-console-table-001-1024x682.jpg 1024w, https:\/\/mmi.vn\/wp-content\/uploads\/2020\/08\/Ban-console-table-001-600x399.jpg 600w, https:\/\/mmi.vn\/wp-content\/uploads\/2020\/08\/Ban-console-table-001-300x200.jpg 300w, https:\/\/mmi.vn\/wp-content\/uploads\/2020\/08\/Ban-console-table-001-768x511.jpg 768w, https:\/\/mmi.vn\/wp-content\/uploads\/2020\/08\/Ban-console-table-001-1536x1022.jpg 1536w, https:\/\/mmi.vn\/wp-content\/uploads\/2020\/08\/Ban-console-table-001-128x84.jpg 128w, https:\/\/mmi.vn\/wp-content\/uploads\/2020\/08\/Ban-console-table-001-495x330.jpg 495w, https:\/\/mmi.vn\/wp-content\/uploads\/2020\/08\/Ban-console-table-001-800x533.jpg 800w, https:\/\/mmi.vn\/wp-content\/uploads\/2020\/08\/Ban-console-table-001-550x366.jpg 550w, https:\/\/mmi.vn\/wp-content\/uploads\/2020\/08\/Ban-console-table-001.jpg 1600w\" sizes=\"(max-width: 1024px) 100vw, 1024px\" \/><\/a>\n\t\t<\/figure>\n\t<\/div>\n<div class=\"vc_empty_space\"   style=\"height: 10px\"><span class=\"vc_empty_space_inner\"><\/span><\/div><div class=\"vc_custom_heading vc_gitem-post-data vc_gitem-post-data-source-post_title\" ><h6 style=\"text-align: center\" ><a href=\"https:\/\/mmi.vn\/en\/gallery\/ban-console\/\" class=\"vc_gitem-link\" title=\"Console table\">Console table<\/a><\/h6><\/div><\/div><\/div><\/div><\/div><\/div><div class=\"vc_gitem-zone vc_gitem-zone-c\"><div class=\"vc_gitem-zone-mini\"><\/div><\/div><\/div><div class=\"vc_clearfix\"><\/div><\/div><div class=\"vc_grid-item vc_clearfix vc_col-sm-3 vc_grid-item-zone-c-bottom\"><div class=\"vc_grid-item-mini vc_clearfix\"><div class=\"vc_gitem-animated-block\" ><div class=\"vc_gitem-zone vc_gitem-zone-a vc-gitem-zone-height-mode-auto vc-gitem-zone-height-mode-auto-1-1\"><div class=\"vc_gitem-zone-mini\"><div class=\"vc_gitem_row vc_row vc_gitem-row-position-top\"><div class=\"vc_col-sm-12 vc_gitem-col vc_gitem-col-align-\">\n\t<div class=\"wpb_single_image wpb_content_element vc_align_center\">\n\t\t<figure class=\"wpb_wrapper vc_figure\">\n\t\t\t<a href=\"https:\/\/mmi.vn\/en\/gallery\/ban-ghe-phong-an\/\" class=\"vc_gitem-link vc_single_image-wrapper vc_box_border_grey\" title=\"Kitchen table\"><img width=\"650\" height=\"432\" src=\"https:\/\/mmi.vn\/wp-content\/uploads\/2020\/08\/ban-ghe-phong-an.jpg\" class=\"vc_single_image-img attachment-large\" alt=\"\" loading=\"lazy\" title=\"ban-ghe-phong-an\" srcset=\"https:\/\/mmi.vn\/wp-content\/uploads\/2020\/08\/ban-ghe-phong-an.jpg 650w, https:\/\/mmi.vn\/wp-content\/uploads\/2020\/08\/ban-ghe-phong-an-600x399.jpg 600w, https:\/\/mmi.vn\/wp-content\/uploads\/2020\/08\/ban-ghe-phong-an-300x199.jpg 300w, https:\/\/mmi.vn\/wp-content\/uploads\/2020\/08\/ban-ghe-phong-an-128x84.jpg 128w, https:\/\/mmi.vn\/wp-content\/uploads\/2020\/08\/ban-ghe-phong-an-495x330.jpg 495w, https:\/\/mmi.vn\/wp-content\/uploads\/2020\/08\/ban-ghe-phong-an-550x366.jpg 550w\" sizes=\"(max-width: 650px) 100vw, 650px\" \/><\/a>\n\t\t<\/figure>\n\t<\/div>\n<div class=\"vc_empty_space\"   style=\"height: 10px\"><span class=\"vc_empty_space_inner\"><\/span><\/div><div class=\"vc_custom_heading vc_gitem-post-data vc_gitem-post-data-source-post_title\" ><h6 style=\"text-align: center\" ><a href=\"https:\/\/mmi.vn\/en\/gallery\/ban-ghe-phong-an\/\" class=\"vc_gitem-link\" title=\"Kitchen table\">Kitchen table<\/a><\/h6><\/div><\/div><\/div><\/div><\/div><\/div><div class=\"vc_gitem-zone vc_gitem-zone-c\"><div class=\"vc_gitem-zone-mini\"><\/div><\/div><\/div><div class=\"vc_clearfix\"><\/div><\/div><div class=\"vc_grid-item vc_clearfix vc_col-sm-3 vc_grid-item-zone-c-bottom\"><div class=\"vc_grid-item-mini vc_clearfix\"><div class=\"vc_gitem-animated-block\" ><div class=\"vc_gitem-zone vc_gitem-zone-a vc-gitem-zone-height-mode-auto vc-gitem-zone-height-mode-auto-1-1\"><div class=\"vc_gitem-zone-mini\"><div class=\"vc_gitem_row vc_row vc_gitem-row-position-top\"><div class=\"vc_col-sm-12 vc_gitem-col vc_gitem-col-align-\">\n\t<div class=\"wpb_single_image wpb_content_element vc_align_center\">\n\t\t<figure class=\"wpb_wrapper vc_figure\">\n\t\t\t<a href=\"https:\/\/mmi.vn\/en\/gallery\/xopha-ghe\/\" class=\"vc_gitem-link vc_single_image-wrapper vc_box_border_grey\" title=\"Sofa and chair\"><img width=\"1019\" height=\"669\" src=\"https:\/\/mmi.vn\/wp-content\/uploads\/2020\/08\/sofa-kenli-mm.jpg\" class=\"vc_single_image-img attachment-large\" alt=\"\" loading=\"lazy\" title=\"sofa-kenli-mm\" srcset=\"https:\/\/mmi.vn\/wp-content\/uploads\/2020\/08\/sofa-kenli-mm.jpg 1019w, https:\/\/mmi.vn\/wp-content\/uploads\/2020\/08\/sofa-kenli-mm-600x394.jpg 600w, https:\/\/mmi.vn\/wp-content\/uploads\/2020\/08\/sofa-kenli-mm-300x197.jpg 300w, https:\/\/mmi.vn\/wp-content\/uploads\/2020\/08\/sofa-kenli-mm-768x504.jpg 768w, https:\/\/mmi.vn\/wp-content\/uploads\/2020\/08\/sofa-kenli-mm-128x84.jpg 128w, https:\/\/mmi.vn\/wp-content\/uploads\/2020\/08\/sofa-kenli-mm-800x525.jpg 800w, https:\/\/mmi.vn\/wp-content\/uploads\/2020\/08\/sofa-kenli-mm-550x361.jpg 550w\" sizes=\"(max-width: 1019px) 100vw, 1019px\" \/><\/a>\n\t\t<\/figure>\n\t<\/div>\n<div class=\"vc_empty_space\"   style=\"height: 10px\"><span class=\"vc_empty_space_inner\"><\/span><\/div><div class=\"vc_custom_heading vc_gitem-post-data vc_gitem-post-data-source-post_title\" ><h6 style=\"text-align: center\" ><a href=\"https:\/\/mmi.vn\/en\/gallery\/xopha-ghe\/\" class=\"vc_gitem-link\" title=\"Sofa and chair\">Sofa and chair<\/a><\/h6><\/div><\/div><\/div><\/div><\/div><\/div><div class=\"vc_gitem-zone vc_gitem-zone-c\"><div class=\"vc_gitem-zone-mini\"><\/div><\/div><\/div><div class=\"vc_clearfix\"><\/div><\/div><div class=\"vc_grid-item vc_clearfix vc_col-sm-3 vc_grid-item-zone-c-bottom\"><div class=\"vc_grid-item-mini vc_clearfix\"><div class=\"vc_gitem-animated-block\" ><div class=\"vc_gitem-zone vc_gitem-zone-a vc-gitem-zone-height-mode-auto vc-gitem-zone-height-mode-auto-1-1\"><div class=\"vc_gitem-zone-mini\"><div class=\"vc_gitem_row vc_row vc_gitem-row-position-top\"><div class=\"vc_col-sm-12 vc_gitem-col vc_gitem-col-align-\">\n\t<div class=\"wpb_single_image wpb_content_element vc_align_center\">\n\t\t<figure class=\"wpb_wrapper vc_figure\">\n\t\t\t<a href=\"https:\/\/mmi.vn\/en\/gallery\/ke-tv\/\" class=\"vc_gitem-link vc_single_image-wrapper vc_box_border_grey\" title=\"TV shelf\"><img width=\"564\" height=\"376\" src=\"https:\/\/mmi.vn\/wp-content\/uploads\/2020\/08\/Ke-TV.jpg\" class=\"vc_single_image-img attachment-large\" alt=\"\" loading=\"lazy\" title=\"Ke-TV\" srcset=\"https:\/\/mmi.vn\/wp-content\/uploads\/2020\/08\/Ke-TV.jpg 564w, https:\/\/mmi.vn\/wp-content\/uploads\/2020\/08\/Ke-TV-300x200.jpg 300w, https:\/\/mmi.vn\/wp-content\/uploads\/2020\/08\/Ke-TV-128x84.jpg 128w, https:\/\/mmi.vn\/wp-content\/uploads\/2020\/08\/Ke-TV-495x330.jpg 495w, https:\/\/mmi.vn\/wp-content\/uploads\/2020\/08\/Ke-TV-550x367.jpg 550w\" sizes=\"(max-width: 564px) 100vw, 564px\" \/><\/a>\n\t\t<\/figure>\n\t<\/div>\n<div class=\"vc_empty_space\"   style=\"height: 10px\"><span class=\"vc_empty_space_inner\"><\/span><\/div><div class=\"vc_custom_heading vc_gitem-post-data vc_gitem-post-data-source-post_title\" ><h6 style=\"text-align: center\" ><a href=\"https:\/\/mmi.vn\/en\/gallery\/ke-tv\/\" class=\"vc_gitem-link\" title=\"TV shelf\">TV shelf<\/a><\/h6><\/div><\/div><\/div><\/div><\/div><\/div><div class=\"vc_gitem-zone vc_gitem-zone-c\"><div class=\"vc_gitem-zone-mini\"><\/div><\/div><\/div><div class=\"vc_clearfix\"><\/div><\/div><div class=\"vc_grid-item vc_clearfix vc_col-sm-3 vc_grid-item-zone-c-bottom\"><div class=\"vc_grid-item-mini vc_clearfix\"><div class=\"vc_gitem-animated-block\" ><div class=\"vc_gitem-zone vc_gitem-zone-a vc-gitem-zone-height-mode-auto vc-gitem-zone-height-mode-auto-1-1\"><div class=\"vc_gitem-zone-mini\"><div class=\"vc_gitem_row vc_row vc_gitem-row-position-top\"><div class=\"vc_col-sm-12 vc_gitem-col vc_gitem-col-align-\">\n\t<div class=\"wpb_single_image wpb_content_element vc_align_center\">\n\t\t<figure class=\"wpb_wrapper vc_figure\">\n\t\t\t<a href=\"https:\/\/mmi.vn\/en\/gallery\/do-trang-tri-nha\/\" class=\"vc_gitem-link vc_single_image-wrapper vc_box_border_grey\" title=\"Home decorations\"><img width=\"1024\" height=\"682\" src=\"https:\/\/mmi.vn\/wp-content\/uploads\/2020\/08\/home-decor-mm-02.1rs-1024x682.jpg\" class=\"vc_single_image-img attachment-large\" alt=\"\" loading=\"lazy\" title=\"home-decor-mm-02.1rs\" srcset=\"https:\/\/mmi.vn\/wp-content\/uploads\/2020\/08\/home-decor-mm-02.1rs-1024x682.jpg 1024w, https:\/\/mmi.vn\/wp-content\/uploads\/2020\/08\/home-decor-mm-02.1rs-600x399.jpg 600w, https:\/\/mmi.vn\/wp-content\/uploads\/2020\/08\/home-decor-mm-02.1rs-300x200.jpg 300w, https:\/\/mmi.vn\/wp-content\/uploads\/2020\/08\/home-decor-mm-02.1rs-768x511.jpg 768w, https:\/\/mmi.vn\/wp-content\/uploads\/2020\/08\/home-decor-mm-02.1rs-1536x1022.jpg 1536w, https:\/\/mmi.vn\/wp-content\/uploads\/2020\/08\/home-decor-mm-02.1rs-128x84.jpg 128w, https:\/\/mmi.vn\/wp-content\/uploads\/2020\/08\/home-decor-mm-02.1rs-495x330.jpg 495w, https:\/\/mmi.vn\/wp-content\/uploads\/2020\/08\/home-decor-mm-02.1rs-800x533.jpg 800w, https:\/\/mmi.vn\/wp-content\/uploads\/2020\/08\/home-decor-mm-02.1rs-550x366.jpg 550w, https:\/\/mmi.vn\/wp-content\/uploads\/2020\/08\/home-decor-mm-02.1rs.jpg 1600w\" sizes=\"(max-width: 1024px) 100vw, 1024px\" \/><\/a>\n\t\t<\/figure>\n\t<\/div>\n<div class=\"vc_empty_space\"   style=\"height: 10px\"><span class=\"vc_empty_space_inner\"><\/span><\/div><div class=\"vc_custom_heading vc_gitem-post-data vc_gitem-post-data-source-post_title\" ><h6 style=\"text-align: center\" ><a href=\"https:\/\/mmi.vn\/en\/gallery\/do-trang-tri-nha\/\" class=\"vc_gitem-link\" title=\"Home decorations\">Home decorations<\/a><\/h6><\/div><\/div><\/div><\/div><\/div><\/div><div class=\"vc_gitem-zone vc_gitem-zone-c\"><div class=\"vc_gitem-zone-mini\"><\/div><\/div><\/div><div class=\"vc_clearfix\"><\/div><\/div><\/div><\/div>\n\t<\/div>\n<\/div><\/div><\/div><\/div><\/div>","protected":false},"excerpt":{"rendered":"B\u00e0n caf\u00e9 B\u00e0n Console B\u00e0n gh\u1ebf ph\u00f2ng \u0103n X\u00f4 pha v\u00e0 gh\u1ebf K\u1ec7 TV \u0110\u1ed3 trang tr\u00ed nh\u00e0","protected":false},"author":1,"featured_media":14651,"parent":37,"menu_order":0,"comment_status":"closed","ping_status":"closed","template":"","meta":{"cybocfi_hide_featured_image":""},"yoast_head":"<!-- This site is optimized with the Yoast SEO plugin v18.5.1 - https:\/\/yoast.com\/wordpress\/plugins\/seo\/ -->\n<title>\u00dd t\u01b0\u1edfng S\u1ea3n ph\u1ea9m - MMI VIETNAM<\/title>\n<meta name=\"robots\" content=\"index, follow, max-snippet:-1, max-image-preview:large, max-video-preview:-1\" \/>\n<link rel=\"canonical\" href=\"https:\/\/mmi.vn\/en\/thiet-ke\/y-tuong-san-pham\/\" \/>\n<meta property=\"og:locale\" content=\"en_GB\" \/>\n<meta property=\"og:type\" content=\"article\" \/>\n<meta property=\"og:title\" content=\"\u00dd t\u01b0\u1edfng S\u1ea3n ph\u1ea9m - MMI VIETNAM\" \/>\n<meta property=\"og:url\" content=\"https:\/\/mmi.vn\/en\/thiet-ke\/y-tuong-san-pham\/\" \/>\n<meta property=\"og:site_name\" content=\"MMI VIETNAM\" \/>\n<meta property=\"article:publisher\" content=\"https:\/\/www.facebook.com\/TheSpacesBuilder\" \/>\n<meta property=\"article:modified_time\" content=\"2020-09-07T07:22:02+00:00\" \/>\n<meta property=\"og:image\" content=\"https:\/\/mmi.vn\/wp-content\/uploads\/2020\/06\/thiet-bi-ve-sinh-chau-rua-mm-icon.jpg\" \/>\n\t<meta property=\"og:image:width\" content=\"1680\" \/>\n\t<meta property=\"og:image:height\" content=\"1118\" \/>\n\t<meta property=\"og:image:type\" content=\"image\/jpeg\" \/>\n<meta name=\"twitter:card\" content=\"summary_large_image\" \/>\n<script type=\"application\/ld+json\" class=\"yoast-schema-graph\">{\"@context\":\"https:\/\/schema.org\",\"@graph\":[{\"@type\":\"Organization\",\"@id\":\"https:\/\/mmi.vn\/#organization\",\"name\":\"MMI VIETNAM\",\"url\":\"https:\/\/mmi.vn\/\",\"sameAs\":[\"https:\/\/www.facebook.com\/TheSpacesBuilder\"],\"logo\":{\"@type\":\"ImageObject\",\"@id\":\"https:\/\/mmi.vn\/#logo\",\"inLanguage\":\"en-GB\",\"url\":\"https:\/\/mmi.vn\/wp-content\/uploads\/2020\/08\/Logo-mm-2020-black-2x.png\",\"contentUrl\":\"https:\/\/mmi.vn\/wp-content\/uploads\/2020\/08\/Logo-mm-2020-black-2x.png\",\"width\":342,\"height\":90,\"caption\":\"MMI VIETNAM\"},\"image\":{\"@id\":\"https:\/\/mmi.vn\/#logo\"}},{\"@type\":\"WebSite\",\"@id\":\"https:\/\/mmi.vn\/#website\",\"url\":\"https:\/\/mmi.vn\/\",\"name\":\"MMI VIETNAM\",\"description\":\"the space builder\",\"publisher\":{\"@id\":\"https:\/\/mmi.vn\/#organization\"},\"potentialAction\":[{\"@type\":\"SearchAction\",\"target\":{\"@type\":\"EntryPoint\",\"urlTemplate\":\"https:\/\/mmi.vn\/?s={search_term_string}\"},\"query-input\":\"required name=search_term_string\"}],\"inLanguage\":\"en-GB\"},{\"@type\":\"ImageObject\",\"@id\":\"https:\/\/mmi.vn\/thiet-ke\/y-tuong-san-pham\/#primaryimage\",\"inLanguage\":\"en-GB\",\"url\":\"https:\/\/mmi.vn\/wp-content\/uploads\/2020\/06\/thiet-bi-ve-sinh-chau-rua-mm-icon.jpg\",\"contentUrl\":\"https:\/\/mmi.vn\/wp-content\/uploads\/2020\/06\/thiet-bi-ve-sinh-chau-rua-mm-icon.jpg\",\"width\":1680,\"height\":1118},{\"@type\":\"WebPage\",\"@id\":\"https:\/\/mmi.vn\/thiet-ke\/y-tuong-san-pham\/#webpage\",\"url\":\"https:\/\/mmi.vn\/thiet-ke\/y-tuong-san-pham\/\",\"name\":\"\u00dd t\u01b0\u1edfng S\u1ea3n ph\u1ea9m - MMI VIETNAM\",\"isPartOf\":{\"@id\":\"https:\/\/mmi.vn\/#website\"},\"primaryImageOfPage\":{\"@id\":\"https:\/\/mmi.vn\/thiet-ke\/y-tuong-san-pham\/#primaryimage\"},\"datePublished\":\"2020-08-20T08:33:24+00:00\",\"dateModified\":\"2020-09-07T07:22:02+00:00\",\"breadcrumb\":{\"@id\":\"https:\/\/mmi.vn\/thiet-ke\/y-tuong-san-pham\/#breadcrumb\"},\"inLanguage\":\"en-GB\",\"potentialAction\":[{\"@type\":\"ReadAction\",\"target\":[\"https:\/\/mmi.vn\/thiet-ke\/y-tuong-san-pham\/\"]}]},{\"@type\":\"BreadcrumbList\",\"@id\":\"https:\/\/mmi.vn\/thiet-ke\/y-tuong-san-pham\/#breadcrumb\",\"itemListElement\":[{\"@type\":\"ListItem\",\"position\":1,\"name\":\"Trang ch\u1ee7\",\"item\":\"https:\/\/mmi.vn\/\"},{\"@type\":\"ListItem\",\"position\":2,\"name\":\"Thi\u1ebft k\u1ebf\",\"item\":\"https:\/\/mmi.vn\/thiet-ke\/\"},{\"@type\":\"ListItem\",\"position\":3,\"name\":\"\u00dd t\u01b0\u1edfng S\u1ea3n ph\u1ea9m\"}]}]}<\/script>\n<!-- \/ Yoast SEO plugin. -->","yoast_head_json":{"title":"\u00dd t\u01b0\u1edfng S\u1ea3n ph\u1ea9m - MMI VIETNAM","robots":{"index":"index","follow":"follow","max-snippet":"max-snippet:-1","max-image-preview":"max-image-preview:large","max-video-preview":"max-video-preview:-1"},"canonical":"https:\/\/mmi.vn\/en\/thiet-ke\/y-tuong-san-pham\/","og_locale":"en_GB","og_type":"article","og_title":"\u00dd t\u01b0\u1edfng S\u1ea3n ph\u1ea9m - MMI VIETNAM","og_url":"https:\/\/mmi.vn\/en\/thiet-ke\/y-tuong-san-pham\/","og_site_name":"MMI VIETNAM","article_publisher":"https:\/\/www.facebook.com\/TheSpacesBuilder","article_modified_time":"2020-09-07T07:22:02+00:00","og_image":[{"width":1680,"height":1118,"url":"https:\/\/mmi.vn\/wp-content\/uploads\/2020\/06\/thiet-bi-ve-sinh-chau-rua-mm-icon.jpg","type":"image\/jpeg"}],"twitter_card":"summary_large_image","schema":{"@context":"https:\/\/schema.org","@graph":[{"@type":"Organization","@id":"https:\/\/mmi.vn\/#organization","name":"MMI VIETNAM","url":"https:\/\/mmi.vn\/","sameAs":["https:\/\/www.facebook.com\/TheSpacesBuilder"],"logo":{"@type":"ImageObject","@id":"https:\/\/mmi.vn\/#logo","inLanguage":"en-GB","url":"https:\/\/mmi.vn\/wp-content\/uploads\/2020\/08\/Logo-mm-2020-black-2x.png","contentUrl":"https:\/\/mmi.vn\/wp-content\/uploads\/2020\/08\/Logo-mm-2020-black-2x.png","width":342,"height":90,"caption":"MMI VIETNAM"},"image":{"@id":"https:\/\/mmi.vn\/#logo"}},{"@type":"WebSite","@id":"https:\/\/mmi.vn\/#website","url":"https:\/\/mmi.vn\/","name":"MMI VIETNAM","description":"the space builder","publisher":{"@id":"https:\/\/mmi.vn\/#organization"},"potentialAction":[{"@type":"SearchAction","target":{"@type":"EntryPoint","urlTemplate":"https:\/\/mmi.vn\/?s={search_term_string}"},"query-input":"required name=search_term_string"}],"inLanguage":"en-GB"},{"@type":"ImageObject","@id":"https:\/\/mmi.vn\/thiet-ke\/y-tuong-san-pham\/#primaryimage","inLanguage":"en-GB","url":"https:\/\/mmi.vn\/wp-content\/uploads\/2020\/06\/thiet-bi-ve-sinh-chau-rua-mm-icon.jpg","contentUrl":"https:\/\/mmi.vn\/wp-content\/uploads\/2020\/06\/thiet-bi-ve-sinh-chau-rua-mm-icon.jpg","width":1680,"height":1118},{"@type":"WebPage","@id":"https:\/\/mmi.vn\/thiet-ke\/y-tuong-san-pham\/#webpage","url":"https:\/\/mmi.vn\/thiet-ke\/y-tuong-san-pham\/","name":"\u00dd t\u01b0\u1edfng S\u1ea3n ph\u1ea9m - MMI VIETNAM","isPartOf":{"@id":"https:\/\/mmi.vn\/#website"},"primaryImageOfPage":{"@id":"https:\/\/mmi.vn\/thiet-ke\/y-tuong-san-pham\/#primaryimage"},"datePublished":"2020-08-20T08:33:24+00:00","dateModified":"2020-09-07T07:22:02+00:00","breadcrumb":{"@id":"https:\/\/mmi.vn\/thiet-ke\/y-tuong-san-pham\/#breadcrumb"},"inLanguage":"en-GB","potentialAction":[{"@type":"ReadAction","target":["https:\/\/mmi.vn\/thiet-ke\/y-tuong-san-pham\/"]}]},{"@type":"BreadcrumbList","@id":"https:\/\/mmi.vn\/thiet-ke\/y-tuong-san-pham\/#breadcrumb","itemListElement":[{"@type":"ListItem","position":1,"name":"Trang ch\u1ee7","item":"https:\/\/mmi.vn\/"},{"@type":"ListItem","position":2,"name":"Thi\u1ebft k\u1ebf","item":"https:\/\/mmi.vn\/thiet-ke\/"},{"@type":"ListItem","position":3,"name":"\u00dd t\u01b0\u1edfng S\u1ea3n ph\u1ea9m"}]}]}},"_links":{"self":[{"href":"https:\/\/mmi.vn\/en\/wp-json\/wp\/v2\/pages\/13934"}],"collection":[{"href":"https:\/\/mmi.vn\/en\/wp-json\/wp\/v2\/pages"}],"about":[{"href":"https:\/\/mmi.vn\/en\/wp-json\/wp\/v2\/types\/page"}],"author":[{"embeddable":true,"href":"https:\/\/mmi.vn\/en\/wp-json\/wp\/v2\/users\/1"}],"replies":[{"embeddable":true,"href":"https:\/\/mmi.vn\/en\/wp-json\/wp\/v2\/comments?post=13934"}],"version-history":[{"count":16,"href":"https:\/\/mmi.vn\/en\/wp-json\/wp\/v2\/pages\/13934\/revisions"}],"predecessor-version":[{"id":15148,"href":"https:\/\/mmi.vn\/en\/wp-json\/wp\/v2\/pages\/13934\/revisions\/15148"}],"up":[{"embeddable":true,"href":"https:\/\/mmi.vn\/en\/wp-json\/wp\/v2\/pages\/37"}],"wp:featuredmedia":[{"embeddable":true,"href":"https:\/\/mmi.vn\/en\/wp-json\/wp\/v2\/media\/14651"}],"wp:attachment":[{"href":"https:\/\/mmi.vn\/en\/wp-json\/wp\/v2\/media?parent=13934"}],"curies":[{"name":"wp","href":"https:\/\/api.w.org\/{rel}","templated":true}]}}