{"id":14023,"date":"2020-08-21T10:27:50","date_gmt":"2020-08-21T03:27:50","guid":{"rendered":"http:\/\/beta.mmi.vn\/?page_id=14023"},"modified":"2020-09-07T14:21:41","modified_gmt":"2020-09-07T07:21:41","slug":"phong-cach-thiet-ke","status":"publish","type":"page","link":"https:\/\/mmi.vn\/en\/thiet-ke\/phong-cach-thiet-ke\/","title":{"rendered":"Style design"},"content":{"rendered":"<div class=\"vc_row wpb_row vc_row-fluid\"><div class=\"wpb_column vc_column_container vc_col-sm-12\"><div class=\"vc_column-inner\"><div class=\"wpb_wrapper\">\n<div class=\"vc_grid-container-wrapper vc_clearfix vc_grid-animation-none\">\n\t<div class=\"vc_grid-container vc_clearfix wpb_content_element vc_basic_grid\" data-initial-loading-animation=\"none\" data-vc-grid-settings=\"{&quot;page_id&quot;:14023,&quot;style&quot;:&quot;all&quot;,&quot;action&quot;:&quot;vc_get_vc_grid_data&quot;,&quot;shortcode_id&quot;:&quot;1598525497996-553e48f8-0e5a-4&quot;,&quot;tag&quot;:&quot;vc_basic_grid&quot;}\" data-vc-request=\"https:\/\/mmi.vn\/wp-admin\/admin-ajax.php\" data-vc-post-id=\"14023\" data-vc-public-nonce=\"ec4fd6f08c\">\n\t\t<div class=\"vc_grid vc_row vc_grid-gutter-20px vc_pageable-wrapper vc_hook_hover\" data-vc-pageable-content=\"true\"><div class=\"vc_pageable-slide-wrapper vc_clearfix\" data-vc-grid-content=\"true\"><div class=\"vc_grid-item vc_clearfix vc_col-sm-3 vc_grid-item-zone-c-bottom\"><div class=\"vc_grid-item-mini vc_clearfix\"><div class=\"vc_gitem-animated-block\" ><div class=\"vc_gitem-zone vc_gitem-zone-a vc-gitem-zone-height-mode-auto vc-gitem-zone-height-mode-auto-1-1\"><div class=\"vc_gitem-zone-mini\"><div class=\"vc_gitem_row vc_row vc_gitem-row-position-top\"><div class=\"vc_col-sm-12 vc_gitem-col vc_gitem-col-align-\">\n\t<div class=\"wpb_single_image wpb_content_element vc_align_center\">\n\t\t<figure class=\"wpb_wrapper vc_figure\">\n\t\t\t<a href=\"https:\/\/mmi.vn\/en\/gallery\/phong-cach-tan-co-dien\/\" class=\"vc_gitem-link vc_single_image-wrapper vc_box_border_grey\" title=\"Neoclassical Style\"><img width=\"1024\" height=\"683\" src=\"https:\/\/mmi.vn\/wp-content\/uploads\/2018\/02\/luxury-furniture-ideas-1024x683.jpg\" class=\"vc_single_image-img attachment-large\" alt=\"\" loading=\"lazy\" title=\"luxury-furniture-ideas\" srcset=\"https:\/\/mmi.vn\/wp-content\/uploads\/2018\/02\/luxury-furniture-ideas-1024x683.jpg 1024w, https:\/\/mmi.vn\/wp-content\/uploads\/2018\/02\/luxury-furniture-ideas-600x400.jpg 600w, https:\/\/mmi.vn\/wp-content\/uploads\/2018\/02\/luxury-furniture-ideas-300x200.jpg 300w, https:\/\/mmi.vn\/wp-content\/uploads\/2018\/02\/luxury-furniture-ideas-768x512.jpg 768w, https:\/\/mmi.vn\/wp-content\/uploads\/2018\/02\/luxury-furniture-ideas-128x84.jpg 128w, https:\/\/mmi.vn\/wp-content\/uploads\/2018\/02\/luxury-furniture-ideas-495x330.jpg 495w, https:\/\/mmi.vn\/wp-content\/uploads\/2018\/02\/luxury-furniture-ideas-800x533.jpg 800w, https:\/\/mmi.vn\/wp-content\/uploads\/2018\/02\/luxury-furniture-ideas-550x367.jpg 550w, https:\/\/mmi.vn\/wp-content\/uploads\/2018\/02\/luxury-furniture-ideas.jpg 1200w\" sizes=\"(max-width: 1024px) 100vw, 1024px\" \/><\/a>\n\t\t<\/figure>\n\t<\/div>\n<div class=\"vc_empty_space\"   style=\"height: 10px\"><span class=\"vc_empty_space_inner\"><\/span><\/div><div class=\"vc_custom_heading vc_gitem-post-data vc_gitem-post-data-source-post_title\" ><h6 style=\"text-align: center\" ><a href=\"https:\/\/mmi.vn\/en\/gallery\/phong-cach-tan-co-dien\/\" class=\"vc_gitem-link\" title=\"Neoclassical Style\">Neoclassical Style<\/a><\/h6><\/div><\/div><\/div><\/div><\/div><\/div><div class=\"vc_gitem-zone vc_gitem-zone-c\"><div class=\"vc_gitem-zone-mini\"><\/div><\/div><\/div><div class=\"vc_clearfix\"><\/div><\/div><div class=\"vc_grid-item vc_clearfix vc_col-sm-3 vc_grid-item-zone-c-bottom\"><div class=\"vc_grid-item-mini vc_clearfix\"><div class=\"vc_gitem-animated-block\" ><div class=\"vc_gitem-zone vc_gitem-zone-a vc-gitem-zone-height-mode-auto vc-gitem-zone-height-mode-auto-1-1\"><div class=\"vc_gitem-zone-mini\"><div class=\"vc_gitem_row vc_row vc_gitem-row-position-top\"><div class=\"vc_col-sm-12 vc_gitem-col vc_gitem-col-align-\">\n\t<div class=\"wpb_single_image wpb_content_element vc_align_center\">\n\t\t<figure class=\"wpb_wrapper vc_figure\">\n\t\t\t<a href=\"https:\/\/mmi.vn\/en\/gallery\/phong-cach-hien-dai\/\" class=\"vc_gitem-link vc_single_image-wrapper vc_box_border_grey\" title=\"Modern Style\"><img width=\"1024\" height=\"682\" src=\"https:\/\/mmi.vn\/wp-content\/uploads\/2020\/08\/pc-hien-dai-1024x682.jpg\" class=\"vc_single_image-img attachment-large\" alt=\"\" loading=\"lazy\" title=\"pc-hien-dai\" srcset=\"https:\/\/mmi.vn\/wp-content\/uploads\/2020\/08\/pc-hien-dai-1024x682.jpg 1024w, https:\/\/mmi.vn\/wp-content\/uploads\/2020\/08\/pc-hien-dai-600x399.jpg 600w, https:\/\/mmi.vn\/wp-content\/uploads\/2020\/08\/pc-hien-dai-300x200.jpg 300w, https:\/\/mmi.vn\/wp-content\/uploads\/2020\/08\/pc-hien-dai-768x511.jpg 768w, https:\/\/mmi.vn\/wp-content\/uploads\/2020\/08\/pc-hien-dai-1536x1022.jpg 1536w, https:\/\/mmi.vn\/wp-content\/uploads\/2020\/08\/pc-hien-dai-128x84.jpg 128w, https:\/\/mmi.vn\/wp-content\/uploads\/2020\/08\/pc-hien-dai-495x330.jpg 495w, https:\/\/mmi.vn\/wp-content\/uploads\/2020\/08\/pc-hien-dai-800x533.jpg 800w, https:\/\/mmi.vn\/wp-content\/uploads\/2020\/08\/pc-hien-dai-550x366.jpg 550w, https:\/\/mmi.vn\/wp-content\/uploads\/2020\/08\/pc-hien-dai.jpg 1600w\" sizes=\"(max-width: 1024px) 100vw, 1024px\" \/><\/a>\n\t\t<\/figure>\n\t<\/div>\n<div class=\"vc_empty_space\"   style=\"height: 10px\"><span class=\"vc_empty_space_inner\"><\/span><\/div><div class=\"vc_custom_heading vc_gitem-post-data vc_gitem-post-data-source-post_title\" ><h6 style=\"text-align: center\" ><a href=\"https:\/\/mmi.vn\/en\/gallery\/phong-cach-hien-dai\/\" class=\"vc_gitem-link\" title=\"Modern Style\">Modern Style<\/a><\/h6><\/div><\/div><\/div><\/div><\/div><\/div><div class=\"vc_gitem-zone vc_gitem-zone-c\"><div class=\"vc_gitem-zone-mini\"><\/div><\/div><\/div><div class=\"vc_clearfix\"><\/div><\/div><div class=\"vc_grid-item vc_clearfix vc_col-sm-3 vc_grid-item-zone-c-bottom\"><div class=\"vc_grid-item-mini vc_clearfix\"><div class=\"vc_gitem-animated-block\" ><div class=\"vc_gitem-zone vc_gitem-zone-a vc-gitem-zone-height-mode-auto vc-gitem-zone-height-mode-auto-1-1\"><div class=\"vc_gitem-zone-mini\"><div class=\"vc_gitem_row vc_row vc_gitem-row-position-top\"><div class=\"vc_col-sm-12 vc_gitem-col vc_gitem-col-align-\">\n\t<div class=\"wpb_single_image wpb_content_element vc_align_center\">\n\t\t<figure class=\"wpb_wrapper vc_figure\">\n\t\t\t<a href=\"https:\/\/mmi.vn\/en\/gallery\/phong-cach-a-dong\/\" class=\"vc_gitem-link vc_single_image-wrapper vc_box_border_grey\" title=\"Eastern Asia Style\"><img width=\"1024\" height=\"672\" src=\"https:\/\/mmi.vn\/wp-content\/uploads\/2020\/08\/phong-cach-a-dong-mm-14-1024x672.jpg\" class=\"vc_single_image-img attachment-large\" alt=\"\" loading=\"lazy\" title=\"phong-cach-a-dong-mm-14\" srcset=\"https:\/\/mmi.vn\/wp-content\/uploads\/2020\/08\/phong-cach-a-dong-mm-14-1024x672.jpg 1024w, https:\/\/mmi.vn\/wp-content\/uploads\/2020\/08\/phong-cach-a-dong-mm-14-600x394.jpg 600w, https:\/\/mmi.vn\/wp-content\/uploads\/2020\/08\/phong-cach-a-dong-mm-14-300x197.jpg 300w, https:\/\/mmi.vn\/wp-content\/uploads\/2020\/08\/phong-cach-a-dong-mm-14-768x504.jpg 768w, https:\/\/mmi.vn\/wp-content\/uploads\/2020\/08\/phong-cach-a-dong-mm-14-1536x1008.jpg 1536w, https:\/\/mmi.vn\/wp-content\/uploads\/2020\/08\/phong-cach-a-dong-mm-14-128x84.jpg 128w, https:\/\/mmi.vn\/wp-content\/uploads\/2020\/08\/phong-cach-a-dong-mm-14-800x525.jpg 800w, https:\/\/mmi.vn\/wp-content\/uploads\/2020\/08\/phong-cach-a-dong-mm-14-550x361.jpg 550w, https:\/\/mmi.vn\/wp-content\/uploads\/2020\/08\/phong-cach-a-dong-mm-14.jpg 1600w\" sizes=\"(max-width: 1024px) 100vw, 1024px\" \/><\/a>\n\t\t<\/figure>\n\t<\/div>\n<div class=\"vc_empty_space\"   style=\"height: 10px\"><span class=\"vc_empty_space_inner\"><\/span><\/div><div class=\"vc_custom_heading vc_gitem-post-data vc_gitem-post-data-source-post_title\" ><h6 style=\"text-align: center\" ><a href=\"https:\/\/mmi.vn\/en\/gallery\/phong-cach-a-dong\/\" class=\"vc_gitem-link\" title=\"Eastern Asia Style\">Eastern Asia Style<\/a><\/h6><\/div><\/div><\/div><\/div><\/div><\/div><div class=\"vc_gitem-zone vc_gitem-zone-c\"><div class=\"vc_gitem-zone-mini\"><\/div><\/div><\/div><div class=\"vc_clearfix\"><\/div><\/div><div class=\"vc_grid-item vc_clearfix vc_col-sm-3 vc_grid-item-zone-c-bottom\"><div class=\"vc_grid-item-mini vc_clearfix\"><div class=\"vc_gitem-animated-block\" ><div class=\"vc_gitem-zone vc_gitem-zone-a vc-gitem-zone-height-mode-auto vc-gitem-zone-height-mode-auto-1-1\"><div class=\"vc_gitem-zone-mini\"><div class=\"vc_gitem_row vc_row vc_gitem-row-position-top\"><div class=\"vc_col-sm-12 vc_gitem-col vc_gitem-col-align-\">\n\t<div class=\"wpb_single_image wpb_content_element vc_align_center\">\n\t\t<figure class=\"wpb_wrapper vc_figure\">\n\t\t\t<a href=\"https:\/\/mmi.vn\/en\/gallery\/phong-cach-toi-gian\/\" class=\"vc_gitem-link vc_single_image-wrapper vc_box_border_grey\" title=\"Minimalism Style\"><img width=\"1024\" height=\"682\" src=\"https:\/\/mmi.vn\/wp-content\/uploads\/2020\/08\/PHONG-KHACH-17-4-4-8-1024x682.jpg\" class=\"vc_single_image-img attachment-large\" alt=\"\" loading=\"lazy\" title=\"PHONG KHACH 17-4-4-8\" srcset=\"https:\/\/mmi.vn\/wp-content\/uploads\/2020\/08\/PHONG-KHACH-17-4-4-8-1024x682.jpg 1024w, https:\/\/mmi.vn\/wp-content\/uploads\/2020\/08\/PHONG-KHACH-17-4-4-8-600x399.jpg 600w, https:\/\/mmi.vn\/wp-content\/uploads\/2020\/08\/PHONG-KHACH-17-4-4-8-300x200.jpg 300w, https:\/\/mmi.vn\/wp-content\/uploads\/2020\/08\/PHONG-KHACH-17-4-4-8-768x511.jpg 768w, https:\/\/mmi.vn\/wp-content\/uploads\/2020\/08\/PHONG-KHACH-17-4-4-8-1536x1022.jpg 1536w, https:\/\/mmi.vn\/wp-content\/uploads\/2020\/08\/PHONG-KHACH-17-4-4-8-128x84.jpg 128w, https:\/\/mmi.vn\/wp-content\/uploads\/2020\/08\/PHONG-KHACH-17-4-4-8-495x330.jpg 495w, https:\/\/mmi.vn\/wp-content\/uploads\/2020\/08\/PHONG-KHACH-17-4-4-8-800x533.jpg 800w, https:\/\/mmi.vn\/wp-content\/uploads\/2020\/08\/PHONG-KHACH-17-4-4-8-550x366.jpg 550w, https:\/\/mmi.vn\/wp-content\/uploads\/2020\/08\/PHONG-KHACH-17-4-4-8.jpg 1600w\" sizes=\"(max-width: 1024px) 100vw, 1024px\" \/><\/a>\n\t\t<\/figure>\n\t<\/div>\n<div class=\"vc_empty_space\"   style=\"height: 10px\"><span class=\"vc_empty_space_inner\"><\/span><\/div><div class=\"vc_custom_heading vc_gitem-post-data vc_gitem-post-data-source-post_title\" ><h6 style=\"text-align: center\" ><a href=\"https:\/\/mmi.vn\/en\/gallery\/phong-cach-toi-gian\/\" class=\"vc_gitem-link\" title=\"Minimalism Style\">Minimalism Style<\/a><\/h6><\/div><\/div><\/div><\/div><\/div><\/div><div class=\"vc_gitem-zone vc_gitem-zone-c\"><div class=\"vc_gitem-zone-mini\"><\/div><\/div><\/div><div class=\"vc_clearfix\"><\/div><\/div><div class=\"vc_grid-item vc_clearfix vc_col-sm-3 vc_grid-item-zone-c-bottom\"><div class=\"vc_grid-item-mini vc_clearfix\"><div class=\"vc_gitem-animated-block\" ><div class=\"vc_gitem-zone vc_gitem-zone-a vc-gitem-zone-height-mode-auto vc-gitem-zone-height-mode-auto-1-1\"><div class=\"vc_gitem-zone-mini\"><div class=\"vc_gitem_row vc_row vc_gitem-row-position-top\"><div class=\"vc_col-sm-12 vc_gitem-col vc_gitem-col-align-\">\n\t<div class=\"wpb_single_image wpb_content_element vc_align_center\">\n\t\t<figure class=\"wpb_wrapper vc_figure\">\n\t\t\t<a href=\"https:\/\/mmi.vn\/en\/gallery\/than-thien-moi-truong\/\" class=\"vc_gitem-link vc_single_image-wrapper vc_box_border_grey\" title=\"Eco-friendly Style\"><img width=\"1024\" height=\"682\" src=\"https:\/\/mmi.vn\/wp-content\/uploads\/2020\/08\/PHONG-KHACH-1-1024x682.jpg\" class=\"vc_single_image-img attachment-large\" alt=\"\" loading=\"lazy\" title=\"PHONG-KHACH-1\" srcset=\"https:\/\/mmi.vn\/wp-content\/uploads\/2020\/08\/PHONG-KHACH-1-1024x682.jpg 1024w, https:\/\/mmi.vn\/wp-content\/uploads\/2020\/08\/PHONG-KHACH-1-600x399.jpg 600w, https:\/\/mmi.vn\/wp-content\/uploads\/2020\/08\/PHONG-KHACH-1-300x200.jpg 300w, https:\/\/mmi.vn\/wp-content\/uploads\/2020\/08\/PHONG-KHACH-1-768x511.jpg 768w, https:\/\/mmi.vn\/wp-content\/uploads\/2020\/08\/PHONG-KHACH-1-1536x1022.jpg 1536w, https:\/\/mmi.vn\/wp-content\/uploads\/2020\/08\/PHONG-KHACH-1-128x84.jpg 128w, https:\/\/mmi.vn\/wp-content\/uploads\/2020\/08\/PHONG-KHACH-1-495x330.jpg 495w, https:\/\/mmi.vn\/wp-content\/uploads\/2020\/08\/PHONG-KHACH-1-800x533.jpg 800w, https:\/\/mmi.vn\/wp-content\/uploads\/2020\/08\/PHONG-KHACH-1-550x366.jpg 550w, https:\/\/mmi.vn\/wp-content\/uploads\/2020\/08\/PHONG-KHACH-1.jpg 1600w\" sizes=\"(max-width: 1024px) 100vw, 1024px\" \/><\/a>\n\t\t<\/figure>\n\t<\/div>\n<div class=\"vc_empty_space\"   style=\"height: 10px\"><span class=\"vc_empty_space_inner\"><\/span><\/div><div class=\"vc_custom_heading vc_gitem-post-data vc_gitem-post-data-source-post_title\" ><h6 style=\"text-align: center\" ><a href=\"https:\/\/mmi.vn\/en\/gallery\/than-thien-moi-truong\/\" class=\"vc_gitem-link\" title=\"Eco-friendly Style\">Eco-friendly Style<\/a><\/h6><\/div><\/div><\/div><\/div><\/div><\/div><div class=\"vc_gitem-zone vc_gitem-zone-c\"><div class=\"vc_gitem-zone-mini\"><\/div><\/div><\/div><div class=\"vc_clearfix\"><\/div><\/div><\/div><\/div>\n\t<\/div>\n<\/div><\/div><\/div><\/div><\/div>","protected":false},"excerpt":{"rendered":"Phong c\u00e1ch T\u00e2n c\u1ed5 \u0111i\u1ec3n Phong c\u00e1ch Hi\u1ec7n \u0111\u1ea1i Phong c\u00e1ch \u00c1 \u0111\u00f4ng Phong c\u00e1ch T\u1ed1i gi\u1ea3n Th\u00e2n thi\u1ec7n M\u00f4i tr\u01b0\u1eddng","protected":false},"author":1,"featured_media":14017,"parent":37,"menu_order":0,"comment_status":"closed","ping_status":"closed","template":"","meta":{"cybocfi_hide_featured_image":""},"yoast_head":"<!-- This site is optimized with the Yoast SEO plugin v18.5.1 - https:\/\/yoast.com\/wordpress\/plugins\/seo\/ -->\n<title>Phong c\u00e1ch Thi\u1ebft k\u1ebf - MMI VIETNAM<\/title>\n<meta name=\"robots\" content=\"index, follow, max-snippet:-1, max-image-preview:large, max-video-preview:-1\" \/>\n<link rel=\"canonical\" href=\"https:\/\/mmi.vn\/en\/thiet-ke\/phong-cach-thiet-ke\/\" \/>\n<meta property=\"og:locale\" content=\"en_GB\" \/>\n<meta property=\"og:type\" content=\"article\" \/>\n<meta property=\"og:title\" content=\"Phong c\u00e1ch Thi\u1ebft k\u1ebf - MMI VIETNAM\" \/>\n<meta property=\"og:url\" content=\"https:\/\/mmi.vn\/en\/thiet-ke\/phong-cach-thiet-ke\/\" \/>\n<meta property=\"og:site_name\" content=\"MMI VIETNAM\" \/>\n<meta property=\"article:publisher\" content=\"https:\/\/www.facebook.com\/TheSpacesBuilder\" \/>\n<meta property=\"article:modified_time\" content=\"2020-09-07T07:21:41+00:00\" \/>\n<meta property=\"og:image\" content=\"https:\/\/mmi.vn\/wp-content\/uploads\/2020\/08\/phong-bep-17-3-4441.jpg\" \/>\n\t<meta property=\"og:image:width\" content=\"1600\" \/>\n\t<meta property=\"og:image:height\" content=\"1065\" \/>\n\t<meta property=\"og:image:type\" content=\"image\/jpeg\" \/>\n<meta name=\"twitter:card\" content=\"summary_large_image\" \/>\n<script type=\"application\/ld+json\" class=\"yoast-schema-graph\">{\"@context\":\"https:\/\/schema.org\",\"@graph\":[{\"@type\":\"Organization\",\"@id\":\"https:\/\/mmi.vn\/#organization\",\"name\":\"MMI VIETNAM\",\"url\":\"https:\/\/mmi.vn\/\",\"sameAs\":[\"https:\/\/www.facebook.com\/TheSpacesBuilder\"],\"logo\":{\"@type\":\"ImageObject\",\"@id\":\"https:\/\/mmi.vn\/#logo\",\"inLanguage\":\"en-GB\",\"url\":\"https:\/\/mmi.vn\/wp-content\/uploads\/2020\/08\/Logo-mm-2020-black-2x.png\",\"contentUrl\":\"https:\/\/mmi.vn\/wp-content\/uploads\/2020\/08\/Logo-mm-2020-black-2x.png\",\"width\":342,\"height\":90,\"caption\":\"MMI VIETNAM\"},\"image\":{\"@id\":\"https:\/\/mmi.vn\/#logo\"}},{\"@type\":\"WebSite\",\"@id\":\"https:\/\/mmi.vn\/#website\",\"url\":\"https:\/\/mmi.vn\/\",\"name\":\"MMI VIETNAM\",\"description\":\"the space builder\",\"publisher\":{\"@id\":\"https:\/\/mmi.vn\/#organization\"},\"potentialAction\":[{\"@type\":\"SearchAction\",\"target\":{\"@type\":\"EntryPoint\",\"urlTemplate\":\"https:\/\/mmi.vn\/?s={search_term_string}\"},\"query-input\":\"required name=search_term_string\"}],\"inLanguage\":\"en-GB\"},{\"@type\":\"ImageObject\",\"@id\":\"https:\/\/mmi.vn\/thiet-ke\/phong-cach-thiet-ke\/#primaryimage\",\"inLanguage\":\"en-GB\",\"url\":\"https:\/\/mmi.vn\/wp-content\/uploads\/2020\/08\/phong-bep-17-3-4441.jpg\",\"contentUrl\":\"https:\/\/mmi.vn\/wp-content\/uploads\/2020\/08\/phong-bep-17-3-4441.jpg\",\"width\":1600,\"height\":1065},{\"@type\":\"WebPage\",\"@id\":\"https:\/\/mmi.vn\/thiet-ke\/phong-cach-thiet-ke\/#webpage\",\"url\":\"https:\/\/mmi.vn\/thiet-ke\/phong-cach-thiet-ke\/\",\"name\":\"Phong c\u00e1ch Thi\u1ebft k\u1ebf - MMI VIETNAM\",\"isPartOf\":{\"@id\":\"https:\/\/mmi.vn\/#website\"},\"primaryImageOfPage\":{\"@id\":\"https:\/\/mmi.vn\/thiet-ke\/phong-cach-thiet-ke\/#primaryimage\"},\"datePublished\":\"2020-08-21T03:27:50+00:00\",\"dateModified\":\"2020-09-07T07:21:41+00:00\",\"breadcrumb\":{\"@id\":\"https:\/\/mmi.vn\/thiet-ke\/phong-cach-thiet-ke\/#breadcrumb\"},\"inLanguage\":\"en-GB\",\"potentialAction\":[{\"@type\":\"ReadAction\",\"target\":[\"https:\/\/mmi.vn\/thiet-ke\/phong-cach-thiet-ke\/\"]}]},{\"@type\":\"BreadcrumbList\",\"@id\":\"https:\/\/mmi.vn\/thiet-ke\/phong-cach-thiet-ke\/#breadcrumb\",\"itemListElement\":[{\"@type\":\"ListItem\",\"position\":1,\"name\":\"Trang ch\u1ee7\",\"item\":\"https:\/\/mmi.vn\/\"},{\"@type\":\"ListItem\",\"position\":2,\"name\":\"Thi\u1ebft k\u1ebf\",\"item\":\"https:\/\/mmi.vn\/thiet-ke\/\"},{\"@type\":\"ListItem\",\"position\":3,\"name\":\"Phong c\u00e1ch Thi\u1ebft k\u1ebf\"}]}]}<\/script>\n<!-- \/ Yoast SEO plugin. -->","yoast_head_json":{"title":"Phong c\u00e1ch Thi\u1ebft k\u1ebf - MMI VIETNAM","robots":{"index":"index","follow":"follow","max-snippet":"max-snippet:-1","max-image-preview":"max-image-preview:large","max-video-preview":"max-video-preview:-1"},"canonical":"https:\/\/mmi.vn\/en\/thiet-ke\/phong-cach-thiet-ke\/","og_locale":"en_GB","og_type":"article","og_title":"Phong c\u00e1ch Thi\u1ebft k\u1ebf - MMI VIETNAM","og_url":"https:\/\/mmi.vn\/en\/thiet-ke\/phong-cach-thiet-ke\/","og_site_name":"MMI VIETNAM","article_publisher":"https:\/\/www.facebook.com\/TheSpacesBuilder","article_modified_time":"2020-09-07T07:21:41+00:00","og_image":[{"width":1600,"height":1065,"url":"https:\/\/mmi.vn\/wp-content\/uploads\/2020\/08\/phong-bep-17-3-4441.jpg","type":"image\/jpeg"}],"twitter_card":"summary_large_image","schema":{"@context":"https:\/\/schema.org","@graph":[{"@type":"Organization","@id":"https:\/\/mmi.vn\/#organization","name":"MMI VIETNAM","url":"https:\/\/mmi.vn\/","sameAs":["https:\/\/www.facebook.com\/TheSpacesBuilder"],"logo":{"@type":"ImageObject","@id":"https:\/\/mmi.vn\/#logo","inLanguage":"en-GB","url":"https:\/\/mmi.vn\/wp-content\/uploads\/2020\/08\/Logo-mm-2020-black-2x.png","contentUrl":"https:\/\/mmi.vn\/wp-content\/uploads\/2020\/08\/Logo-mm-2020-black-2x.png","width":342,"height":90,"caption":"MMI VIETNAM"},"image":{"@id":"https:\/\/mmi.vn\/#logo"}},{"@type":"WebSite","@id":"https:\/\/mmi.vn\/#website","url":"https:\/\/mmi.vn\/","name":"MMI VIETNAM","description":"the space builder","publisher":{"@id":"https:\/\/mmi.vn\/#organization"},"potentialAction":[{"@type":"SearchAction","target":{"@type":"EntryPoint","urlTemplate":"https:\/\/mmi.vn\/?s={search_term_string}"},"query-input":"required name=search_term_string"}],"inLanguage":"en-GB"},{"@type":"ImageObject","@id":"https:\/\/mmi.vn\/thiet-ke\/phong-cach-thiet-ke\/#primaryimage","inLanguage":"en-GB","url":"https:\/\/mmi.vn\/wp-content\/uploads\/2020\/08\/phong-bep-17-3-4441.jpg","contentUrl":"https:\/\/mmi.vn\/wp-content\/uploads\/2020\/08\/phong-bep-17-3-4441.jpg","width":1600,"height":1065},{"@type":"WebPage","@id":"https:\/\/mmi.vn\/thiet-ke\/phong-cach-thiet-ke\/#webpage","url":"https:\/\/mmi.vn\/thiet-ke\/phong-cach-thiet-ke\/","name":"Phong c\u00e1ch Thi\u1ebft k\u1ebf - MMI VIETNAM","isPartOf":{"@id":"https:\/\/mmi.vn\/#website"},"primaryImageOfPage":{"@id":"https:\/\/mmi.vn\/thiet-ke\/phong-cach-thiet-ke\/#primaryimage"},"datePublished":"2020-08-21T03:27:50+00:00","dateModified":"2020-09-07T07:21:41+00:00","breadcrumb":{"@id":"https:\/\/mmi.vn\/thiet-ke\/phong-cach-thiet-ke\/#breadcrumb"},"inLanguage":"en-GB","potentialAction":[{"@type":"ReadAction","target":["https:\/\/mmi.vn\/thiet-ke\/phong-cach-thiet-ke\/"]}]},{"@type":"BreadcrumbList","@id":"https:\/\/mmi.vn\/thiet-ke\/phong-cach-thiet-ke\/#breadcrumb","itemListElement":[{"@type":"ListItem","position":1,"name":"Trang ch\u1ee7","item":"https:\/\/mmi.vn\/"},{"@type":"ListItem","position":2,"name":"Thi\u1ebft k\u1ebf","item":"https:\/\/mmi.vn\/thiet-ke\/"},{"@type":"ListItem","position":3,"name":"Phong c\u00e1ch Thi\u1ebft k\u1ebf"}]}]}},"_links":{"self":[{"href":"https:\/\/mmi.vn\/en\/wp-json\/wp\/v2\/pages\/14023"}],"collection":[{"href":"https:\/\/mmi.vn\/en\/wp-json\/wp\/v2\/pages"}],"about":[{"href":"https:\/\/mmi.vn\/en\/wp-json\/wp\/v2\/types\/page"}],"author":[{"embeddable":true,"href":"https:\/\/mmi.vn\/en\/wp-json\/wp\/v2\/users\/1"}],"replies":[{"embeddable":true,"href":"https:\/\/mmi.vn\/en\/wp-json\/wp\/v2\/comments?post=14023"}],"version-history":[{"count":15,"href":"https:\/\/mmi.vn\/en\/wp-json\/wp\/v2\/pages\/14023\/revisions"}],"predecessor-version":[{"id":15147,"href":"https:\/\/mmi.vn\/en\/wp-json\/wp\/v2\/pages\/14023\/revisions\/15147"}],"up":[{"embeddable":true,"href":"https:\/\/mmi.vn\/en\/wp-json\/wp\/v2\/pages\/37"}],"wp:featuredmedia":[{"embeddable":true,"href":"https:\/\/mmi.vn\/en\/wp-json\/wp\/v2\/media\/14017"}],"wp:attachment":[{"href":"https:\/\/mmi.vn\/en\/wp-json\/wp\/v2\/media?parent=14023"}],"curies":[{"name":"wp","href":"https:\/\/api.w.org\/{rel}","templated":true}]}}