{"id":2253,"date":"2017-09-16T19:23:00","date_gmt":"2017-09-16T19:23:00","guid":{"rendered":"http:\/\/beta.mmi.vn\/?page_id=2253"},"modified":"2020-12-15T11:27:08","modified_gmt":"2020-12-15T04:27:08","slug":"faq","status":"publish","type":"page","link":"https:\/\/mmi.vn\/en\/faq\/","title":{"rendered":"Frequently asked questions"},"content":{"rendered":"<section class=\"vc_section\"><div class=\"vc_row wpb_row vc_row-fluid\"><div class=\"wpb_column vc_column_container vc_col-sm-4\"><div class=\"vc_column-inner\"><div class=\"wpb_wrapper\"><div class=\"heading header-subheader align-left subcolor-main transform-default theme-icon-second icon-type-hidden   vc_custom_1597226489947 heading-tag-h4\" id=\"like_sc_header_1984373623\"><h4 class=\"header ltx-sr-id-like_sc_header_1984373623202958792 ltx-sr ltx-sr-effect-fade_in ltx-sr-el-block ltx-sr-delay-0 ltx-sr-duration-1000 ltx-sr-sequences-0\">Help<\/h4><\/div>\n\t<div class=\"wpb_text_column wpb_content_element\" >\n\t\t<div class=\"wpb_wrapper\">\n\t\t\t<p>We are ready to answer all your questions about MMI products and services. Please do not hesitate to contact us through anyway mentioned below<\/p>\n\n\t\t<\/div>\n\t<\/div>\n<div class=\"heading header-subheader align-left subcolor-main transform-default theme-icon-second icon-type-hidden heading-tag-h4\" id=\"like_sc_header_1157460354\"><h4 class=\"header ltx-sr-id-like_sc_header_1157460354537569280 ltx-sr ltx-sr-effect-fade_in ltx-sr-el-block ltx-sr-delay-0 ltx-sr-duration-1000 ltx-sr-sequences-0\">Contact<\/h4><\/div>\n\t<div class=\"wpb_text_column wpb_content_element\" >\n\t\t<div class=\"wpb_wrapper\">\n\t\t\t\n\t\t<\/div>\n\t<\/div>\n\n\t<div class=\"wpb_text_column wpb_content_element\" >\n\t\t<div class=\"wpb_wrapper\">\n\t\t\t<h6><strong>090647 5588<\/strong><\/h6>\n<h6><strong>mmi@3dgroup.vn<\/strong><\/h6>\n<h6><strong>Operation office and factory<\/strong><br \/>\nLot A2-CN3, Tu Liem Industrial Zone<br \/>\nNorth Tu Liem District, Hanoi, Vietnam<\/h6>\n<div id=\"gtx-trans\" style=\"position: absolute; left: 45px; top: 137px;\">\n<div class=\"gtx-trans-icon\"><\/div>\n<\/div>\n\n\t\t<\/div>\n\t<\/div>\n<\/div><\/div><\/div><div class=\"wpb_column vc_column_container vc_col-sm-8\"><div class=\"vc_column-inner\"><div class=\"wpb_wrapper\"><div class=\"vc_empty_space\"   style=\"height: 70px\"><span class=\"vc_empty_space_inner\"><\/span><\/div><div class=\"vc_tta-container\" data-vc-action=\"collapse\"><div class=\"vc_general vc_tta vc_tta-accordion vc_tta-color-grey vc_tta-style-classic vc_tta-shape-rounded vc_tta-o-shape-group vc_tta-controls-align-left\"><div class=\"vc_tta-panels-container\"><div class=\"vc_tta-panels\"><div class=\"vc_tta-panel vc_active\" id=\"1568282635582-254bfc81-ee9c\" data-vc-content=\".vc_tta-panel-body\"><div class=\"vc_tta-panel-heading\"><h4 class=\"vc_tta-panel-title vc_tta-controls-icon-position-left\"><a href=\"#1568282635582-254bfc81-ee9c\" data-vc-accordion data-vc-container=\".vc_tta-container\"><span class=\"vc_tta-title-text\">What services do MMI provide?<\/span><i class=\"vc_tta-controls-icon vc_tta-controls-icon-plus\"><\/i><\/a><\/h4><\/div><div class=\"vc_tta-panel-body\">\n\t<div class=\"wpb_text_column wpb_content_element\" >\n\t\t<div class=\"wpb_wrapper\">\n\t\t\t<p>We consult, design, manufacture, install and warrant interior furniture for high-end residence, office, hotel and resort.<\/p>\n\n\t\t<\/div>\n\t<\/div>\n<\/div><\/div><div class=\"vc_tta-panel\" id=\"1597807015371-d34b4c34-ac1d\" data-vc-content=\".vc_tta-panel-body\"><div class=\"vc_tta-panel-heading\"><h4 class=\"vc_tta-panel-title vc_tta-controls-icon-position-left\"><a href=\"#1597807015371-d34b4c34-ac1d\" data-vc-accordion data-vc-container=\".vc_tta-container\"><span class=\"vc_tta-title-text\">What does \"The Space Builder\" mean?<\/span><i class=\"vc_tta-controls-icon vc_tta-controls-icon-plus\"><\/i><\/a><\/h4><\/div><div class=\"vc_tta-panel-body\">\n\t<div class=\"wpb_text_column wpb_content_element\" >\n\t\t<div class=\"wpb_wrapper\">\n\t\t\t<p>We are proud craftsmen. Attending to every millimeter of space, every detail of each product so they could reach true luxury and closest perfection. We build beautiful spaces, we are the Space Builder.<\/p>\n\n\t\t<\/div>\n\t<\/div>\n<\/div><\/div><div class=\"vc_tta-panel\" id=\"1568284226489-ec9522b4-13e2\" data-vc-content=\".vc_tta-panel-body\"><div class=\"vc_tta-panel-heading\"><h4 class=\"vc_tta-panel-title vc_tta-controls-icon-position-left\"><a href=\"#1568284226489-ec9522b4-13e2\" data-vc-accordion data-vc-container=\".vc_tta-container\"><span class=\"vc_tta-title-text\">What is MMI work process like?<\/span><i class=\"vc_tta-controls-icon vc_tta-controls-icon-plus\"><\/i><\/a><\/h4><\/div><div class=\"vc_tta-panel-body\">\n\t<div class=\"wpb_text_column wpb_content_element\" >\n\t\t<div class=\"wpb_wrapper\">\n\t\t\t<p>When there is an opportunity to be served, we will make an appointment according to the customer's schedule. At the meeting we want to listen to the wishes and requests of our customers. We may also ask questions to get the most complete information for future work. At the same time, with our expertise, we will advise customers on what we are for sure to be right, so as to focus time on important contents. A preliminary work schedule can be agreed shortly thereafter. Depending on the needs of the customer, we will develop and agree on a work plan that is most suitable for both parties. We will execute the work as planned. Any issues or changes will be promptly and fully updated to customers until the completion of the handover of the project.<\/p>\n\n\t\t<\/div>\n\t<\/div>\n<\/div><\/div><div class=\"vc_tta-panel\" id=\"1599469295295-b2c66f79-d9f8\" data-vc-content=\".vc_tta-panel-body\"><div class=\"vc_tta-panel-heading\"><h4 class=\"vc_tta-panel-title vc_tta-controls-icon-position-left\"><a href=\"#1599469295295-b2c66f79-d9f8\" data-vc-accordion data-vc-container=\".vc_tta-container\"><span class=\"vc_tta-title-text\">How do I have a good interior?<\/span><i class=\"vc_tta-controls-icon vc_tta-controls-icon-plus\"><\/i><\/a><\/h4><\/div><div class=\"vc_tta-panel-body\">\n\t<div class=\"wpb_text_column wpb_content_element\" >\n\t\t<div class=\"wpb_wrapper\">\n\t\t\t<p>In every situation, you have to have a good design. Invest in your design, then find a professional construction organization. You will never regret it.<\/p>\n\n\t\t<\/div>\n\t<\/div>\n<\/div><\/div><div class=\"vc_tta-panel\" id=\"1597662046120-235a9a32-b3d6\" data-vc-content=\".vc_tta-panel-body\"><div class=\"vc_tta-panel-heading\"><h4 class=\"vc_tta-panel-title vc_tta-controls-icon-position-left\"><a href=\"#1597662046120-235a9a32-b3d6\" data-vc-accordion data-vc-container=\".vc_tta-container\"><span class=\"vc_tta-title-text\">I have a raw apartment. Does MMI work on turnkey furniture?<\/span><i class=\"vc_tta-controls-icon vc_tta-controls-icon-plus\"><\/i><\/a><\/h4><\/div><div class=\"vc_tta-panel-body\">\n\t<div class=\"wpb_text_column wpb_content_element\" >\n\t\t<div class=\"wpb_wrapper\">\n\t\t\t<p>Definitely! Just bring your suitcase and enjoy life in your new home! In theory, yes. In reality, however, to have a satisfied interior, there has to be great cooperations between both the owner and the interior company. We can guarantee you with specialized matters but we can not make decisions regarding personal interests. We listen, understand and try our best to use the language of design to convey your spirit and style.<\/p>\n\n\t\t<\/div>\n\t<\/div>\n<\/div><\/div><div class=\"vc_tta-panel\" id=\"1568284226766-7bb39ae6-4ed5\" data-vc-content=\".vc_tta-panel-body\"><div class=\"vc_tta-panel-heading\"><h4 class=\"vc_tta-panel-title vc_tta-controls-icon-position-left\"><a href=\"#1568284226766-7bb39ae6-4ed5\" data-vc-accordion data-vc-container=\".vc_tta-container\"><span class=\"vc_tta-title-text\">Can I hire designs only? If possible, how is the design fee?<\/span><i class=\"vc_tta-controls-icon vc_tta-controls-icon-plus\"><\/i><\/a><\/h4><\/div><div class=\"vc_tta-panel-body\">\n\t<div class=\"wpb_text_column wpb_content_element\" >\n\t\t<div class=\"wpb_wrapper\">\n\t\t\t<p>We do provide design service. If you later on hire our company for production then the design fee will be 20% off. Design fee depends on many factors. To know more details, please contact us.<\/p>\n\n\t\t<\/div>\n\t<\/div>\n<\/div><\/div><div class=\"vc_tta-panel\" id=\"1568284226631-feb6af68-7330\" data-vc-content=\".vc_tta-panel-body\"><div class=\"vc_tta-panel-heading\"><h4 class=\"vc_tta-panel-title vc_tta-controls-icon-position-left\"><a href=\"#1568284226631-feb6af68-7330\" data-vc-accordion data-vc-container=\".vc_tta-container\"><span class=\"vc_tta-title-text\">I already had a design. Can I hire production and installation?<\/span><i class=\"vc_tta-controls-icon vc_tta-controls-icon-plus\"><\/i><\/a><\/h4><\/div><div class=\"vc_tta-panel-body\">\n\t<div class=\"wpb_text_column wpb_content_element\" >\n\t\t<div class=\"wpb_wrapper\">\n\t\t\t<p>Definitely. We are very strong in production. We will look into your design, if there is no difficulty, we will gladly price quote and begin construction and installation.<\/p>\n\n\t\t<\/div>\n\t<\/div>\n<\/div><\/div><div class=\"vc_tta-panel\" id=\"1568284227046-386cc7c0-717d\" data-vc-content=\".vc_tta-panel-body\"><div class=\"vc_tta-panel-heading\"><h4 class=\"vc_tta-panel-title vc_tta-controls-icon-position-left\"><a href=\"#1568284227046-386cc7c0-717d\" data-vc-accordion data-vc-container=\".vc_tta-container\"><span class=\"vc_tta-title-text\">MMI price is higher than other companies. Why should I choose MMI?<\/span><i class=\"vc_tta-controls-icon vc_tta-controls-icon-plus\"><\/i><\/a><\/h4><\/div><div class=\"vc_tta-panel-body\">\n\t<div class=\"wpb_text_column wpb_content_element\" >\n\t\t<div class=\"wpb_wrapper\">\n\t\t\t<p>Some customers do not choose us because of this reason. Some of them come back to us later on to correct their mistakes. Of course, besides wasting time, the discomfort is more than the cost if you chose us in the first place. How much will you pay for saving your precious time, for peace of mind, for comfort and true luxury?<\/p>\n\n\t\t<\/div>\n\t<\/div>\n<\/div><\/div><div class=\"vc_tta-panel\" id=\"1568284226339-4e5e5c4a-5269\" data-vc-content=\".vc_tta-panel-body\"><div class=\"vc_tta-panel-heading\"><h4 class=\"vc_tta-panel-title vc_tta-controls-icon-position-left\"><a href=\"#1568284226339-4e5e5c4a-5269\" data-vc-accordion data-vc-container=\".vc_tta-container\"><span class=\"vc_tta-title-text\">Does the material used by MMI meet health and safety standards?<\/span><i class=\"vc_tta-controls-icon vc_tta-controls-icon-plus\"><\/i><\/a><\/h4><\/div><div class=\"vc_tta-panel-body\">\n\t<div class=\"wpb_text_column wpb_content_element\" >\n\t\t<div class=\"wpb_wrapper\">\n\t\t\t<p>We only use materials from trustworthy suppliers with full proof of origin, quality, and testing issued by the Construction Audit Center.<\/p>\n\n\t\t<\/div>\n\t<\/div>\n<\/div><\/div><div class=\"vc_tta-panel\" id=\"1568284226196-3ccdbcf3-689a\" data-vc-content=\".vc_tta-panel-body\"><div class=\"vc_tta-panel-heading\"><h4 class=\"vc_tta-panel-title vc_tta-controls-icon-position-left\"><a href=\"#1568284226196-3ccdbcf3-689a\" data-vc-accordion data-vc-container=\".vc_tta-container\"><span class=\"vc_tta-title-text\">I have not heard much about MMI. How can I trust you?<\/span><i class=\"vc_tta-controls-icon vc_tta-controls-icon-plus\"><\/i><\/a><\/h4><\/div><div class=\"vc_tta-panel-body\">\n\t<div class=\"wpb_text_column wpb_content_element\" >\n\t\t<div class=\"wpb_wrapper\">\n\t\t\t<p>You are welcomed to visit our manufacturing factory and see all the products we have made.<\/p>\n\n\t\t<\/div>\n\t<\/div>\n<\/div><\/div><div class=\"vc_tta-panel\" id=\"1568284226049-95265b22-84ac\" data-vc-content=\".vc_tta-panel-body\"><div class=\"vc_tta-panel-heading\"><h4 class=\"vc_tta-panel-title vc_tta-controls-icon-position-left\"><a href=\"#1568284226049-95265b22-84ac\" data-vc-accordion data-vc-container=\".vc_tta-container\"><span class=\"vc_tta-title-text\">Does MMI directly manufacture?<\/span><i class=\"vc_tta-controls-icon vc_tta-controls-icon-plus\"><\/i><\/a><\/h4><\/div><div class=\"vc_tta-panel-body\">\n\t<div class=\"wpb_text_column wpb_content_element\" >\n\t\t<div class=\"wpb_wrapper\">\n\t\t\t<p>We directly manufacture everything in the interior category. We cooperate with specialized suppliers in a few details. For renovation and construction, we have reliable partners.<\/p>\n\n\t\t<\/div>\n\t<\/div>\n<\/div><\/div><div class=\"vc_tta-panel\" id=\"1568284225685-b895cc46-5e9f\" data-vc-content=\".vc_tta-panel-body\"><div class=\"vc_tta-panel-heading\"><h4 class=\"vc_tta-panel-title vc_tta-controls-icon-position-left\"><a href=\"#1568284225685-b895cc46-5e9f\" data-vc-accordion data-vc-container=\".vc_tta-container\"><span class=\"vc_tta-title-text\">What is MMI warranty like?<\/span><i class=\"vc_tta-controls-icon vc_tta-controls-icon-plus\"><\/i><\/a><\/h4><\/div><div class=\"vc_tta-panel-body\">\n\t<div class=\"wpb_text_column wpb_content_element\" >\n\t\t<div class=\"wpb_wrapper\">\n\t\t\t<p>We provide 24 months warranty for interior products. Equipment according to the manufacturer's standards.<\/p>\n\n\t\t<\/div>\n\t<\/div>\n<\/div><\/div><div class=\"vc_tta-panel\" id=\"1568284224811-fae3d4fc-25e6\" data-vc-content=\".vc_tta-panel-body\"><div class=\"vc_tta-panel-heading\"><h4 class=\"vc_tta-panel-title vc_tta-controls-icon-position-left\"><a href=\"#1568284224811-fae3d4fc-25e6\" data-vc-accordion data-vc-container=\".vc_tta-container\"><span class=\"vc_tta-title-text\">MMI interior furniture vs imported furniture?<\/span><i class=\"vc_tta-controls-icon vc_tta-controls-icon-plus\"><\/i><\/a><\/h4><\/div><div class=\"vc_tta-panel-body\">\n\t<div class=\"wpb_text_column wpb_content_element\" >\n\t\t<div class=\"wpb_wrapper\">\n\t\t\t<p>Some imported products are of great quality. However, the price is so much higher than its worth and the waiting time is too long. In many cases, the size cannot be changed to optimize the space used. MMI believes that a beautiful interior space must be the harmony of many factors including functions, colors, materials, and lighting. We take into consideration the overall solution and that their products have to truly reach your level.<\/p>\n\n\t\t<\/div>\n\t<\/div>\n<\/div><\/div><div class=\"vc_tta-panel\" id=\"1568284293268-17744cba-3217\" data-vc-content=\".vc_tta-panel-body\"><div class=\"vc_tta-panel-heading\"><h4 class=\"vc_tta-panel-title vc_tta-controls-icon-position-left\"><a href=\"#1568284293268-17744cba-3217\" data-vc-accordion data-vc-container=\".vc_tta-container\"><span class=\"vc_tta-title-text\">I want to recommend MMI to my friends and partners, does MMI have a commission policy?<\/span><i class=\"vc_tta-controls-icon vc_tta-controls-icon-plus\"><\/i><\/a><\/h4><\/div><div class=\"vc_tta-panel-body\">\n\t<div class=\"wpb_text_column wpb_content_element\" >\n\t\t<div class=\"wpb_wrapper\">\n\t\t\t<p>Thank you for doing something truly amazing and deeply meaningful to us.<\/p>\n\n\t\t<\/div>\n\t<\/div>\n<\/div><\/div><\/div><\/div><\/div><\/div><\/div><\/div><\/div><\/div><\/section>","protected":false},"excerpt":{"rendered":"Tr\u1ee3 gi\u00fap Ch\u00fang t\u00f4i lu\u00f4n s\u1eb5n s\u00e0ng \u0111\u00f3n nh\u1eadn v\u00e0 gi\u1ea3i \u0111\u00e1p m\u1ecdi th\u1eafc m\u1eafc c\u1ee7a b\u1ea1n v\u1ec1 s\u1ea3n ph\u1ea9m v\u00e0 d\u1ecbch v\u1ee5 c\u1ee7a MMI. \u0110\u1eebng ng\u1ea7n ng\u1ea1i li\u00ean h\u1ec7 v\u1edbi ch\u00fang t\u00f4i theo b\u1ea5t k\u1ef3 c\u00e1ch n\u00e0o thu\u1eadn ti\u1ec7n cho b\u1ea1n d\u01b0\u1edbi \u0111\u00e2y Li\u00ean h\u1ec7 090647 5588 mmi@3dgroup.vn V\u0103n ph\u00f2ng &amp; X\u01b0\u1edfng s\u1ea3n xu\u1ea5t L\u00f4 A2\/CN3 Khu C\u00f4ng Nghi\u1ec7p T\u1eeb Li\u00eam Qu\u1eadn B\u1eafc T\u1eeb Li\u00eam, H\u00e0 N\u1ed9i D\u1ecbch v\u1ee5 c\u1ee7a MMI g\u1ed3m nh\u1eefng g\u00ec ? Ch\u00fang t\u00f4i t\u01b0 v\u1ea5n, thi\u1ebft k\u1ebf, s\u1ea3n xu\u1ea5t, l\u1eafp \u0111\u1eb7t v\u00e0 b\u1ea3o h\u00e0nh n\u1ed9i th\u1ea5t nh\u00e0 \u1edf, v\u0103n ph\u00f2ng, kh\u00e1ch s\u1ea1n cao c\u1ea5p The [...]","protected":false},"author":1,"featured_media":0,"parent":0,"menu_order":0,"comment_status":"closed","ping_status":"closed","template":"page-templates\/full-width.php","meta":{"cybocfi_hide_featured_image":""},"yoast_head":"<!-- This site is optimized with the Yoast SEO plugin v18.5.1 - https:\/\/yoast.com\/wordpress\/plugins\/seo\/ -->\n<title>Nh\u1eefng c\u00e2u h\u1ecfi th\u01b0\u1eddng g\u1eb7p - MMI VIETNAM<\/title>\n<meta name=\"robots\" content=\"index, follow, max-snippet:-1, max-image-preview:large, max-video-preview:-1\" \/>\n<link rel=\"canonical\" href=\"https:\/\/mmi.vn\/en\/faq\/\" \/>\n<meta property=\"og:locale\" content=\"en_GB\" \/>\n<meta property=\"og:type\" content=\"article\" \/>\n<meta property=\"og:title\" content=\"Nh\u1eefng c\u00e2u h\u1ecfi th\u01b0\u1eddng g\u1eb7p - MMI VIETNAM\" \/>\n<meta property=\"og:url\" content=\"https:\/\/mmi.vn\/en\/faq\/\" \/>\n<meta property=\"og:site_name\" content=\"MMI VIETNAM\" \/>\n<meta property=\"article:publisher\" content=\"https:\/\/www.facebook.com\/TheSpacesBuilder\" \/>\n<meta property=\"article:modified_time\" content=\"2020-12-15T04:27:08+00:00\" \/>\n<meta name=\"twitter:card\" content=\"summary_large_image\" \/>\n<meta name=\"twitter:label1\" content=\"Estimated reading time\" \/>\n\t<meta name=\"twitter:data1\" content=\"11 minutes\" \/>\n<script type=\"application\/ld+json\" class=\"yoast-schema-graph\">{\"@context\":\"https:\/\/schema.org\",\"@graph\":[{\"@type\":\"Organization\",\"@id\":\"https:\/\/mmi.vn\/#organization\",\"name\":\"MMI VIETNAM\",\"url\":\"https:\/\/mmi.vn\/\",\"sameAs\":[\"https:\/\/www.facebook.com\/TheSpacesBuilder\"],\"logo\":{\"@type\":\"ImageObject\",\"@id\":\"https:\/\/mmi.vn\/#logo\",\"inLanguage\":\"en-GB\",\"url\":\"https:\/\/mmi.vn\/wp-content\/uploads\/2020\/08\/Logo-mm-2020-black-2x.png\",\"contentUrl\":\"https:\/\/mmi.vn\/wp-content\/uploads\/2020\/08\/Logo-mm-2020-black-2x.png\",\"width\":342,\"height\":90,\"caption\":\"MMI VIETNAM\"},\"image\":{\"@id\":\"https:\/\/mmi.vn\/#logo\"}},{\"@type\":\"WebSite\",\"@id\":\"https:\/\/mmi.vn\/#website\",\"url\":\"https:\/\/mmi.vn\/\",\"name\":\"MMI VIETNAM\",\"description\":\"the space builder\",\"publisher\":{\"@id\":\"https:\/\/mmi.vn\/#organization\"},\"potentialAction\":[{\"@type\":\"SearchAction\",\"target\":{\"@type\":\"EntryPoint\",\"urlTemplate\":\"https:\/\/mmi.vn\/?s={search_term_string}\"},\"query-input\":\"required name=search_term_string\"}],\"inLanguage\":\"en-GB\"},{\"@type\":\"WebPage\",\"@id\":\"https:\/\/mmi.vn\/faq\/#webpage\",\"url\":\"https:\/\/mmi.vn\/faq\/\",\"name\":\"Nh\u1eefng c\u00e2u h\u1ecfi th\u01b0\u1eddng g\u1eb7p - MMI VIETNAM\",\"isPartOf\":{\"@id\":\"https:\/\/mmi.vn\/#website\"},\"datePublished\":\"2017-09-16T19:23:00+00:00\",\"dateModified\":\"2020-12-15T04:27:08+00:00\",\"breadcrumb\":{\"@id\":\"https:\/\/mmi.vn\/faq\/#breadcrumb\"},\"inLanguage\":\"en-GB\",\"potentialAction\":[{\"@type\":\"ReadAction\",\"target\":[\"https:\/\/mmi.vn\/faq\/\"]}]},{\"@type\":\"BreadcrumbList\",\"@id\":\"https:\/\/mmi.vn\/faq\/#breadcrumb\",\"itemListElement\":[{\"@type\":\"ListItem\",\"position\":1,\"name\":\"Trang ch\u1ee7\",\"item\":\"https:\/\/mmi.vn\/\"},{\"@type\":\"ListItem\",\"position\":2,\"name\":\"Nh\u1eefng c\u00e2u h\u1ecfi th\u01b0\u1eddng g\u1eb7p\"}]}]}<\/script>\n<!-- \/ Yoast SEO plugin. -->","yoast_head_json":{"title":"Nh\u1eefng c\u00e2u h\u1ecfi th\u01b0\u1eddng g\u1eb7p - MMI VIETNAM","robots":{"index":"index","follow":"follow","max-snippet":"max-snippet:-1","max-image-preview":"max-image-preview:large","max-video-preview":"max-video-preview:-1"},"canonical":"https:\/\/mmi.vn\/en\/faq\/","og_locale":"en_GB","og_type":"article","og_title":"Nh\u1eefng c\u00e2u h\u1ecfi th\u01b0\u1eddng g\u1eb7p - MMI VIETNAM","og_url":"https:\/\/mmi.vn\/en\/faq\/","og_site_name":"MMI VIETNAM","article_publisher":"https:\/\/www.facebook.com\/TheSpacesBuilder","article_modified_time":"2020-12-15T04:27:08+00:00","twitter_card":"summary_large_image","twitter_misc":{"Estimated reading time":"11 minutes"},"schema":{"@context":"https:\/\/schema.org","@graph":[{"@type":"Organization","@id":"https:\/\/mmi.vn\/#organization","name":"MMI VIETNAM","url":"https:\/\/mmi.vn\/","sameAs":["https:\/\/www.facebook.com\/TheSpacesBuilder"],"logo":{"@type":"ImageObject","@id":"https:\/\/mmi.vn\/#logo","inLanguage":"en-GB","url":"https:\/\/mmi.vn\/wp-content\/uploads\/2020\/08\/Logo-mm-2020-black-2x.png","contentUrl":"https:\/\/mmi.vn\/wp-content\/uploads\/2020\/08\/Logo-mm-2020-black-2x.png","width":342,"height":90,"caption":"MMI VIETNAM"},"image":{"@id":"https:\/\/mmi.vn\/#logo"}},{"@type":"WebSite","@id":"https:\/\/mmi.vn\/#website","url":"https:\/\/mmi.vn\/","name":"MMI VIETNAM","description":"the space builder","publisher":{"@id":"https:\/\/mmi.vn\/#organization"},"potentialAction":[{"@type":"SearchAction","target":{"@type":"EntryPoint","urlTemplate":"https:\/\/mmi.vn\/?s={search_term_string}"},"query-input":"required name=search_term_string"}],"inLanguage":"en-GB"},{"@type":"WebPage","@id":"https:\/\/mmi.vn\/faq\/#webpage","url":"https:\/\/mmi.vn\/faq\/","name":"Nh\u1eefng c\u00e2u h\u1ecfi th\u01b0\u1eddng g\u1eb7p - MMI VIETNAM","isPartOf":{"@id":"https:\/\/mmi.vn\/#website"},"datePublished":"2017-09-16T19:23:00+00:00","dateModified":"2020-12-15T04:27:08+00:00","breadcrumb":{"@id":"https:\/\/mmi.vn\/faq\/#breadcrumb"},"inLanguage":"en-GB","potentialAction":[{"@type":"ReadAction","target":["https:\/\/mmi.vn\/faq\/"]}]},{"@type":"BreadcrumbList","@id":"https:\/\/mmi.vn\/faq\/#breadcrumb","itemListElement":[{"@type":"ListItem","position":1,"name":"Trang ch\u1ee7","item":"https:\/\/mmi.vn\/"},{"@type":"ListItem","position":2,"name":"Nh\u1eefng c\u00e2u h\u1ecfi th\u01b0\u1eddng g\u1eb7p"}]}]}},"_links":{"self":[{"href":"https:\/\/mmi.vn\/en\/wp-json\/wp\/v2\/pages\/2253"}],"collection":[{"href":"https:\/\/mmi.vn\/en\/wp-json\/wp\/v2\/pages"}],"about":[{"href":"https:\/\/mmi.vn\/en\/wp-json\/wp\/v2\/types\/page"}],"author":[{"embeddable":true,"href":"https:\/\/mmi.vn\/en\/wp-json\/wp\/v2\/users\/1"}],"replies":[{"embeddable":true,"href":"https:\/\/mmi.vn\/en\/wp-json\/wp\/v2\/comments?post=2253"}],"version-history":[{"count":108,"href":"https:\/\/mmi.vn\/en\/wp-json\/wp\/v2\/pages\/2253\/revisions"}],"predecessor-version":[{"id":15480,"href":"https:\/\/mmi.vn\/en\/wp-json\/wp\/v2\/pages\/2253\/revisions\/15480"}],"wp:attachment":[{"href":"https:\/\/mmi.vn\/en\/wp-json\/wp\/v2\/media?parent=2253"}],"curies":[{"name":"wp","href":"https:\/\/api.w.org\/{rel}","templated":true}]}}