{"id":25,"date":"2017-05-17T20:05:52","date_gmt":"2017-05-17T20:05:52","guid":{"rendered":"http:\/\/beta.mmi.vn\/?page_id=25"},"modified":"2020-09-10T11:40:03","modified_gmt":"2020-09-10T04:40:03","slug":"lien-he","status":"publish","type":"page","link":"https:\/\/mmi.vn\/en\/lien-he\/","title":{"rendered":"Contact"},"content":{"rendered":"<section data-vc-full-width=\"true\" data-vc-full-width-init=\"false\" class=\"vc_section\"><div class=\"vc_row wpb_row vc_row-fluid\"><div class=\"wpb_column vc_column_container vc_col-sm-12\"><div class=\"vc_column-inner\"><div class=\"wpb_wrapper\"><ul class=\"ltx-block-icon  has-descr  icons-count-4 align-center ltx-icon-color-main ltx-icon-size-default ltx-header-color-default ltx-icon-type-transparent ltx-bg-color-transparent layout-cols4 ltx-icon-top  row centered\"  id=\"like_sc_block_icon_220620439\"><li class=\"col-lg-3 col-md-6 col-sm-6 col-ms-6 col-xs-6\" ><div   class=\"in\"><span class=\"ltx-icon icon-placeholder bg-transparent\"><\/span> <h6 class=\"header\"> \u0110\u1ecba \u0111i\u1ec3m <\/h6> <div class=\"descr\">V\u0103n ph\u00f2ng v\u00e0 x\u01b0\u1edfng s\u1ea3n xu\u1ea5t<br \/>\nLot A2-CN3, Tu Liem Industrial Zone<br \/>\nNorth Tu Liem District, Hanoi, Vietnam<\/div><\/div><\/li><li class=\"col-lg-3 col-md-6 col-sm-6 col-ms-6 col-xs-6\" ><div   class=\"in\"><span class=\"ltx-icon icon-phone-call bg-transparent\"><\/span> <h6 class=\"header\"> Hotline <\/h6> <div class=\"descr\">090 647 5588<\/div><\/div><\/li><li class=\"col-lg-3 col-md-6 col-sm-6 col-ms-6 col-xs-6\" ><div   class=\"in\"><span class=\"ltx-icon icon-mail bg-transparent\"><\/span> <h6 class=\"header\"> Email <\/h6> <div class=\"descr\">mmi@3dgroup.vn<\/div><\/div><\/li><li class=\"col-lg-3 col-md-6 col-sm-6 col-ms-6 col-xs-6\" ><div   class=\"in\"><span class=\"ltx-icon icon-wall-clock bg-transparent\"><\/span> <h6 class=\"header\"> Gi\u1edd l\u00e0m vi\u1ec7c <\/h6> <div class=\"descr\">Th\u1ee9 hai - Th\u1ee9 b\u1ea3y<br \/>\n8:30 AM - 5:45 PM<\/div><\/div><\/li><\/ul><\/div><\/div><\/div><\/div><div class=\"vc_row wpb_row vc_row-fluid\"><div class=\"wpb_column vc_column_container vc_col-sm-12\"><div class=\"vc_column-inner\"><div class=\"wpb_wrapper\"><div class=\"es-resp\">\t<div class=\"visible-xl\" style=\"height: 80px;\"><\/div>\t<div class=\"hidden-xl hidden-md hidden-sm hidden-ms hidden-xs\" style=\"height: 80px;\"><\/div>\t<div class=\"visible-md\" style=\"height: 80px;\"><\/div>\t<div class=\"visible-sm\" style=\"height: 80px;\"><\/div>\t<div class=\"visible-ms\" style=\"height: 80px;\"><\/div>\t<div class=\"visible-xs\" style=\"height: 80px;\"><\/div><\/div><\/div><\/div><\/div><\/div><div data-vc-full-width=\"true\" data-vc-full-width-init=\"false\" data-vc-stretch-content=\"true\" class=\"vc_row wpb_row vc_row-fluid vc_row-no-padding\"><div class=\"wpb_column vc_column_container vc_col-sm-12\"><div class=\"vc_column-inner\"><div class=\"wpb_wrapper\"><div class=\"wpb_gmaps_widget wpb_content_element\"><div class=\"wpb_wrapper\"><div class=\"wpb_map_wraper\"><iframe src=\"https:\/\/www.google.com\/maps\/embed?pb=!1m18!1m12!1m3!1d3723.6893595613565!2d105.73630461533239!3d21.045111992594865!2m3!1f0!2f0!3f0!3m2!1i1024!2i768!4f13.1!3m3!1m2!1s0x313455e08a5049e5%3A0x7f9c3a64da28134a!2s3d%20group!5e0!3m2!1sen!2s!4v1599712690321!5m2!1sen!2s\" width=\"600\" height=\"450\" frameborder=\"0\" style=\"border:0;\" allowfullscreen=\"\" aria-hidden=\"false\" tabindex=\"0\"><\/iframe><\/div><\/div><\/div><\/div><\/div><\/div><\/div><div class=\"vc_row-full-width vc_clearfix\"><\/div><div data-vc-full-width=\"true\" data-vc-full-width-init=\"false\" class=\"vc_row wpb_row vc_row-fluid\"><div class=\"wpb_column vc_column_container vc_col-sm-12\"><div class=\"vc_column-inner\"><div class=\"wpb_wrapper\"><div class=\"ltx-content-width ltx-col-align-center ltx-block-align-left\" id=\"like_sc_content_width_906436865\" style=\"max-width: 600px\"><div class=\"ltx-wrapper\"><div class=\"es-resp\">\t<div class=\"visible-xl\" style=\"height: 32px;\"><\/div>\t<div class=\"hidden-xl hidden-md hidden-sm hidden-ms hidden-xs\" style=\"height: 32px;\"><\/div>\t<div class=\"visible-md\" style=\"height: 32px;\"><\/div>\t<div class=\"visible-sm\" style=\"height: 32px;\"><\/div>\t<div class=\"visible-ms\" style=\"height: 32px;\"><\/div>\t<div class=\"visible-xs\" style=\"height: 32px;\"><\/div><\/div><div class=\"heading header-subheader align-center color-black subcolor-main transform-default theme-icon-second icon-type-hidden   vc_custom_1597378603279 heading-tag-h4\" id=\"like_sc_header_72937909\"><h4 class=\"header ltx-sr-id-like_sc_header_729379092069699185 ltx-sr ltx-sr-effect-fade_in ltx-sr-el-block ltx-sr-delay-0 ltx-sr-duration-1000 ltx-sr-sequences-0\">G\u1eedi tin nh\u1eafn<\/h4><\/div><div class=\"ltx-contact-form-7 transform-default form-center form-white form-bg-white form-style-default form-btn-default form-btn-default form-padding-none    vc_custom_1579103744908\"    id=\"like_sc_contact_form_7_342340168\"><div role=\"form\" class=\"wpcf7\" id=\"wpcf7-f12000-o2\" lang=\"en-US\" dir=\"ltr\">\n<div class=\"screen-reader-response\"><p role=\"status\" aria-live=\"polite\" aria-atomic=\"true\"><\/p> <ul><\/ul><\/div>\n<form action=\"\/en\/wp-json\/wp\/v2\/pages\/25#wpcf7-f12000-o2\" method=\"post\" class=\"wpcf7-form init\" novalidate=\"novalidate\" data-status=\"init\" data-trp-original-action=\"\/en\/wp-json\/wp\/v2\/pages\/25#wpcf7-f12000-o2\">\n<div style=\"display: none;\">\n<input type=\"hidden\" name=\"_wpcf7\" value=\"12000\" \/>\n<input type=\"hidden\" name=\"_wpcf7_version\" value=\"5.5.6\" \/>\n<input type=\"hidden\" name=\"_wpcf7_locale\" value=\"en_US\" \/>\n<input type=\"hidden\" name=\"_wpcf7_unit_tag\" value=\"wpcf7-f12000-o2\" \/>\n<input type=\"hidden\" name=\"_wpcf7_container_post\" value=\"0\" \/>\n<input type=\"hidden\" name=\"_wpcf7_posted_data_hash\" value=\"\" \/>\n<\/div>\n<div class=\"row\">\n<div class=\"col-lg-6\">\n<span class=\"wpcf7-form-control-wrap field-header\"><input type=\"text\" name=\"field-header\" value=\"\" size=\"40\" class=\"wpcf7-form-control wpcf7-text wpcf7-validates-as-required\" aria-required=\"true\" aria-invalid=\"false\" placeholder=\"T\u00ean\" \/><\/span>\n  <\/div>\n<div class=\"col-lg-6\">\n<span class=\"wpcf7-form-control-wrap field-header2\"><input type=\"text\" name=\"field-header2\" value=\"\" size=\"40\" class=\"wpcf7-form-control wpcf7-text wpcf7-validates-as-required\" aria-required=\"true\" aria-invalid=\"false\" placeholder=\"Email\" \/><\/span>\n  <\/div>\n<\/div>\n<p><span class=\"wpcf7-form-control-wrap field-header3\"><textarea name=\"field-header3\" cols=\"40\" rows=\"10\" class=\"wpcf7-form-control wpcf7-textarea\" aria-invalid=\"false\" placeholder=\"Tin nh\u1eafn\"><\/textarea><\/span><\/p>\n<p><input type=\"submit\" value=\"G\u1eedi \u0111i\" class=\"wpcf7-form-control has-spinner wpcf7-submit\" \/><\/p>\n<p style=\"display: none !important;\"><label>&#916;<textarea name=\"_wpcf7_ak_hp_textarea\" cols=\"45\" rows=\"8\" maxlength=\"100\"><\/textarea><\/label><input type=\"hidden\" id=\"ak_js_2\" name=\"_wpcf7_ak_js\" value=\"238\"\/><script>document.getElementById( \"ak_js_2\" ).setAttribute( \"value\", ( new Date() ).getTime() );<\/script><\/p><div class=\"wpcf7-response-output\" aria-hidden=\"true\"><\/div><input type=\"hidden\" name=\"trp-form-language\" value=\"en\"\/><\/form><\/div><\/div><\/div><\/div><\/div><\/div><\/div><\/div><div class=\"vc_row-full-width vc_clearfix\"><\/div><\/section><div class=\"vc_row-full-width vc_clearfix\"><\/div>","protected":false},"excerpt":{"rendered":"\u0110\u1ecba \u0111i\u1ec3m V\u0103n ph\u00f2ng v\u00e0 x\u01b0\u1edfng s\u1ea3n xu\u1ea5t L\u00f4 A2\/CN3 Khu C\u00f4ng Nghi\u1ec7p T\u1eeb Li\u00eam Qu\u1eadn B\u1eafc T\u1eeb Li\u00eam, H\u00e0 N\u1ed9i Hotline 090 647 5588 Email mmi@3dgroup.vn Gi\u1edd l\u00e0m vi\u1ec7c Th\u1ee9 hai - Th\u1ee9 b\u1ea3y 8:30 AM - 5:45 PM G\u1eedi tin nh\u1eafn &#916;","protected":false},"author":1,"featured_media":0,"parent":0,"menu_order":0,"comment_status":"closed","ping_status":"closed","template":"page-templates\/full-width.php","meta":{"cybocfi_hide_featured_image":""},"yoast_head":"<!-- This site is optimized with the Yoast SEO plugin v18.5.1 - https:\/\/yoast.com\/wordpress\/plugins\/seo\/ -->\n<title>Li\u00ean h\u1ec7 - MMI VIETNAM<\/title>\n<meta name=\"robots\" content=\"index, follow, max-snippet:-1, max-image-preview:large, max-video-preview:-1\" \/>\n<link rel=\"canonical\" href=\"https:\/\/mmi.vn\/en\/lien-he\/\" \/>\n<meta property=\"og:locale\" content=\"en_GB\" \/>\n<meta property=\"og:type\" content=\"article\" \/>\n<meta property=\"og:title\" content=\"Li\u00ean h\u1ec7 - MMI VIETNAM\" \/>\n<meta property=\"og:url\" content=\"https:\/\/mmi.vn\/en\/lien-he\/\" \/>\n<meta property=\"og:site_name\" content=\"MMI VIETNAM\" \/>\n<meta property=\"article:publisher\" content=\"https:\/\/www.facebook.com\/TheSpacesBuilder\" \/>\n<meta property=\"article:modified_time\" content=\"2020-09-10T04:40:03+00:00\" \/>\n<meta name=\"twitter:card\" content=\"summary_large_image\" \/>\n<meta name=\"twitter:label1\" content=\"Estimated reading time\" \/>\n\t<meta name=\"twitter:data1\" content=\"2 minutes\" \/>\n<script type=\"application\/ld+json\" class=\"yoast-schema-graph\">{\"@context\":\"https:\/\/schema.org\",\"@graph\":[{\"@type\":\"Organization\",\"@id\":\"https:\/\/mmi.vn\/#organization\",\"name\":\"MMI VIETNAM\",\"url\":\"https:\/\/mmi.vn\/\",\"sameAs\":[\"https:\/\/www.facebook.com\/TheSpacesBuilder\"],\"logo\":{\"@type\":\"ImageObject\",\"@id\":\"https:\/\/mmi.vn\/#logo\",\"inLanguage\":\"en-GB\",\"url\":\"https:\/\/mmi.vn\/wp-content\/uploads\/2020\/08\/Logo-mm-2020-black-2x.png\",\"contentUrl\":\"https:\/\/mmi.vn\/wp-content\/uploads\/2020\/08\/Logo-mm-2020-black-2x.png\",\"width\":342,\"height\":90,\"caption\":\"MMI VIETNAM\"},\"image\":{\"@id\":\"https:\/\/mmi.vn\/#logo\"}},{\"@type\":\"WebSite\",\"@id\":\"https:\/\/mmi.vn\/#website\",\"url\":\"https:\/\/mmi.vn\/\",\"name\":\"MMI VIETNAM\",\"description\":\"the space builder\",\"publisher\":{\"@id\":\"https:\/\/mmi.vn\/#organization\"},\"potentialAction\":[{\"@type\":\"SearchAction\",\"target\":{\"@type\":\"EntryPoint\",\"urlTemplate\":\"https:\/\/mmi.vn\/?s={search_term_string}\"},\"query-input\":\"required name=search_term_string\"}],\"inLanguage\":\"en-GB\"},{\"@type\":\"WebPage\",\"@id\":\"https:\/\/mmi.vn\/en\/lien-he\/#webpage\",\"url\":\"https:\/\/mmi.vn\/en\/lien-he\/\",\"name\":\"Li\u00ean h\u1ec7 - MMI VIETNAM\",\"isPartOf\":{\"@id\":\"https:\/\/mmi.vn\/#website\"},\"datePublished\":\"2017-05-17T20:05:52+00:00\",\"dateModified\":\"2020-09-10T04:40:03+00:00\",\"breadcrumb\":{\"@id\":\"https:\/\/mmi.vn\/en\/lien-he\/#breadcrumb\"},\"inLanguage\":\"en-GB\",\"potentialAction\":[{\"@type\":\"ReadAction\",\"target\":[\"https:\/\/mmi.vn\/en\/lien-he\/\"]}]},{\"@type\":\"BreadcrumbList\",\"@id\":\"https:\/\/mmi.vn\/en\/lien-he\/#breadcrumb\",\"itemListElement\":[{\"@type\":\"ListItem\",\"position\":1,\"name\":\"Trang ch\u1ee7\",\"item\":\"https:\/\/mmi.vn\/\"},{\"@type\":\"ListItem\",\"position\":2,\"name\":\"Li\u00ean h\u1ec7\"}]}]}<\/script>\n<!-- \/ Yoast SEO plugin. -->","yoast_head_json":{"title":"Li\u00ean h\u1ec7 - MMI VIETNAM","robots":{"index":"index","follow":"follow","max-snippet":"max-snippet:-1","max-image-preview":"max-image-preview:large","max-video-preview":"max-video-preview:-1"},"canonical":"https:\/\/mmi.vn\/en\/lien-he\/","og_locale":"en_GB","og_type":"article","og_title":"Li\u00ean h\u1ec7 - MMI VIETNAM","og_url":"https:\/\/mmi.vn\/en\/lien-he\/","og_site_name":"MMI VIETNAM","article_publisher":"https:\/\/www.facebook.com\/TheSpacesBuilder","article_modified_time":"2020-09-10T04:40:03+00:00","twitter_card":"summary_large_image","twitter_misc":{"Estimated reading time":"2 minutes"},"schema":{"@context":"https:\/\/schema.org","@graph":[{"@type":"Organization","@id":"https:\/\/mmi.vn\/#organization","name":"MMI VIETNAM","url":"https:\/\/mmi.vn\/","sameAs":["https:\/\/www.facebook.com\/TheSpacesBuilder"],"logo":{"@type":"ImageObject","@id":"https:\/\/mmi.vn\/#logo","inLanguage":"en-GB","url":"https:\/\/mmi.vn\/wp-content\/uploads\/2020\/08\/Logo-mm-2020-black-2x.png","contentUrl":"https:\/\/mmi.vn\/wp-content\/uploads\/2020\/08\/Logo-mm-2020-black-2x.png","width":342,"height":90,"caption":"MMI VIETNAM"},"image":{"@id":"https:\/\/mmi.vn\/#logo"}},{"@type":"WebSite","@id":"https:\/\/mmi.vn\/#website","url":"https:\/\/mmi.vn\/","name":"MMI VIETNAM","description":"the space builder","publisher":{"@id":"https:\/\/mmi.vn\/#organization"},"potentialAction":[{"@type":"SearchAction","target":{"@type":"EntryPoint","urlTemplate":"https:\/\/mmi.vn\/?s={search_term_string}"},"query-input":"required name=search_term_string"}],"inLanguage":"en-GB"},{"@type":"WebPage","@id":"https:\/\/mmi.vn\/en\/lien-he\/#webpage","url":"https:\/\/mmi.vn\/en\/lien-he\/","name":"Li\u00ean h\u1ec7 - MMI VIETNAM","isPartOf":{"@id":"https:\/\/mmi.vn\/#website"},"datePublished":"2017-05-17T20:05:52+00:00","dateModified":"2020-09-10T04:40:03+00:00","breadcrumb":{"@id":"https:\/\/mmi.vn\/en\/lien-he\/#breadcrumb"},"inLanguage":"en-GB","potentialAction":[{"@type":"ReadAction","target":["https:\/\/mmi.vn\/en\/lien-he\/"]}]},{"@type":"BreadcrumbList","@id":"https:\/\/mmi.vn\/en\/lien-he\/#breadcrumb","itemListElement":[{"@type":"ListItem","position":1,"name":"Trang ch\u1ee7","item":"https:\/\/mmi.vn\/"},{"@type":"ListItem","position":2,"name":"Li\u00ean h\u1ec7"}]}]}},"_links":{"self":[{"href":"https:\/\/mmi.vn\/en\/wp-json\/wp\/v2\/pages\/25"}],"collection":[{"href":"https:\/\/mmi.vn\/en\/wp-json\/wp\/v2\/pages"}],"about":[{"href":"https:\/\/mmi.vn\/en\/wp-json\/wp\/v2\/types\/page"}],"author":[{"embeddable":true,"href":"https:\/\/mmi.vn\/en\/wp-json\/wp\/v2\/users\/1"}],"replies":[{"embeddable":true,"href":"https:\/\/mmi.vn\/en\/wp-json\/wp\/v2\/comments?post=25"}],"version-history":[{"count":14,"href":"https:\/\/mmi.vn\/en\/wp-json\/wp\/v2\/pages\/25\/revisions"}],"predecessor-version":[{"id":15276,"href":"https:\/\/mmi.vn\/en\/wp-json\/wp\/v2\/pages\/25\/revisions\/15276"}],"wp:attachment":[{"href":"https:\/\/mmi.vn\/en\/wp-json\/wp\/v2\/media?parent=25"}],"curies":[{"name":"wp","href":"https:\/\/api.w.org\/{rel}","templated":true}]}}